{"id":661,"date":"2025-03-19T12:32:05","date_gmt":"2025-03-19T11:32:05","guid":{"rendered":"https:\/\/www.lafideleproduction.com\/talentuak-zure-gidoia-aurkeztu\/"},"modified":"2025-06-29T09:44:48","modified_gmt":"2025-06-29T08:44:48","slug":"talentuak-zure-gidoia-aurkeztu","status":"publish","type":"page","link":"https:\/\/www.lafidelestudios.com\/eu\/talentuak-zure-gidoia-aurkeztu\/","title":{"rendered":"TALENTUAK \u2013 Zure gidoia aurkeztu"},"content":{"rendered":"<p>Proiektu bat baduzu eta gure irakurketa batzordeak ebaluatzea nahi baduzu, bidali zure gidoia formatu fisikoan helbide honetara:<\/p>\n<p>\ud83d\udccd <strong>La Fid\u00e8le Studios SARL<\/strong><\/p>\n<p>(D\u00e9partement Talents)<br \/>\nZA de Lanzelai<br \/>\nBo\u00eete Postale 155<br \/>\n64501 Saint Jean de Luz Cedex<\/p>\n<p>\ud83d\udd39 <strong>Ziurtatu igortzea:<\/strong><\/p>\n<ul>\n<li>Sinopsis labur bat (gehienez orrialde bat).<\/li>\n<li>Gidoi osoa formatu estandarrean.<\/li>\n<li>Zure harremanetarako datuak (izena, helbide elektronikoa eta telefonoa).<\/li>\n<\/ul>\n<p>\u26a0\ufe0f <strong>Garrantzitsua:<\/strong><\/p>\n<ul>\n<li>Une honetan ez dugu bidalketa digitalik onartzen.<\/li>\n<li>Jatorrizko materialak soilik berrikusten ditugu.<\/li>\n<li>Proposamen bolumen handia dela eta, ez dugu erantzun indibiduala bermatzen.<\/li>\n<\/ul>\n","protected":false},"excerpt":{"rendered":"<p>Proiektu bat baduzu eta gure irakurketa batzordeak ebaluatzea nahi baduzu, bidali zure gidoia formatu fisikoan helbide honetara: \ud83d\udccd La Fid\u00e8le Studios SARL (D\u00e9partement Talents) ZA de Lanzelai Bo\u00eete Postale 155 64501 Saint Jean de Luz Cedex \ud83d\udd39 Ziurtatu igortzea: Sinopsis labur bat (gehienez orrialde bat). Gidoi osoa formatu estandarrean. Zure harremanetarako datuak (izena, helbide elektronikoa &hellip; <\/p>\n<p class=\"link-more\"><a href=\"https:\/\/www.lafidelestudios.com\/eu\/talentuak-zure-gidoia-aurkeztu\/\" class=\"more-link\">Continue reading<span class=\"screen-reader-text\"> &#8220;TALENTUAK \u2013 Zure gidoia aurkeztu&#8221;<\/span><\/a><\/p>\n","protected":false},"author":1,"featured_media":0,"parent":0,"menu_order":4,"comment_status":"closed","ping_status":"closed","template":"","meta":{"_acf_changed":false,"footnotes":""},"class_list":["post-661","page","type-page","status-publish","hentry"],"acf":[],"yoast_head":"<!-- This site is optimized with the Yoast SEO plugin v26.4 - https:\/\/yoast.com\/wordpress\/plugins\/seo\/ -->\n<title>TALENTUAK \u2013 Zure gidoia aurkeztu - La Fid\u00e8le Studios<\/title>\n<meta name=\"robots\" content=\"index, follow, max-snippet:-1, max-image-preview:large, max-video-preview:-1\" \/>\n<link rel=\"canonical\" href=\"https:\/\/www.lafidelestudios.com\/eu\/talentuak-zure-gidoia-aurkeztu\/\" \/>\n<meta property=\"og:locale\" content=\"eu_ES\" \/>\n<meta property=\"og:type\" content=\"article\" \/>\n<meta property=\"og:title\" content=\"TALENTUAK \u2013 Zure gidoia aurkeztu - La Fid\u00e8le Studios\" \/>\n<meta property=\"og:description\" content=\"Proiektu bat baduzu eta gure irakurketa batzordeak ebaluatzea nahi baduzu, bidali zure gidoia formatu fisikoan helbide honetara: \ud83d\udccd La Fid\u00e8le Studios SARL (D\u00e9partement Talents) ZA de Lanzelai Bo\u00eete Postale 155 64501 Saint Jean de Luz Cedex \ud83d\udd39 Ziurtatu igortzea: Sinopsis labur bat (gehienez orrialde bat). Gidoi osoa formatu estandarrean. Zure harremanetarako datuak (izena, helbide elektronikoa &hellip; Continue reading &quot;TALENTUAK \u2013 Zure gidoia aurkeztu&quot;\" \/>\n<meta property=\"og:url\" content=\"https:\/\/www.lafidelestudios.com\/eu\/talentuak-zure-gidoia-aurkeztu\/\" \/>\n<meta property=\"og:site_name\" content=\"La Fid\u00e8le Studios\" \/>\n<meta property=\"article:publisher\" content=\"https:\/\/www.facebook.com\/lafideleproduction\/\" \/>\n<meta property=\"article:modified_time\" content=\"2025-06-29T08:44:48+00:00\" \/>\n<meta name=\"twitter:card\" content=\"summary_large_image\" \/>\n<meta name=\"twitter:label1\" content=\"Est. reading time\" \/>\n\t<meta name=\"twitter:data1\" content=\"1 minute\" \/>\n<script type=\"application\/ld+json\" class=\"yoast-schema-graph\">{\"@context\":\"https:\/\/schema.org\",\"@graph\":[{\"@type\":\"WebPage\",\"@id\":\"https:\/\/www.lafidelestudios.com\/eu\/talentuak-zure-gidoia-aurkeztu\/\",\"url\":\"https:\/\/www.lafidelestudios.com\/eu\/talentuak-zure-gidoia-aurkeztu\/\",\"name\":\"TALENTUAK \u2013 Zure gidoia aurkeztu - La Fid\u00e8le Studios\",\"isPartOf\":{\"@id\":\"https:\/\/www.lafidelestudios.com\/#website\"},\"datePublished\":\"2025-03-19T11:32:05+00:00\",\"dateModified\":\"2025-06-29T08:44:48+00:00\",\"breadcrumb\":{\"@id\":\"https:\/\/www.lafidelestudios.com\/eu\/talentuak-zure-gidoia-aurkeztu\/#breadcrumb\"},\"inLanguage\":\"eu-ES\",\"potentialAction\":[{\"@type\":\"ReadAction\",\"target\":[\"https:\/\/www.lafidelestudios.com\/eu\/talentuak-zure-gidoia-aurkeztu\/\"]}]},{\"@type\":\"BreadcrumbList\",\"@id\":\"https:\/\/www.lafidelestudios.com\/eu\/talentuak-zure-gidoia-aurkeztu\/#breadcrumb\",\"itemListElement\":[{\"@type\":\"ListItem\",\"position\":1,\"name\":\"Portada\",\"item\":\"https:\/\/www.lafidelestudios.com\/eu\/\"},{\"@type\":\"ListItem\",\"position\":2,\"name\":\"TALENTUAK \u2013 Zure gidoia aurkeztu\"}]},{\"@type\":\"WebSite\",\"@id\":\"https:\/\/www.lafidelestudios.com\/#website\",\"url\":\"https:\/\/www.lafidelestudios.com\/\",\"name\":\"La Fid\u00e8le Studios\",\"description\":\"\",\"publisher\":{\"@id\":\"https:\/\/www.lafidelestudios.com\/#organization\"},\"potentialAction\":[{\"@type\":\"SearchAction\",\"target\":{\"@type\":\"EntryPoint\",\"urlTemplate\":\"https:\/\/www.lafidelestudios.com\/?s={search_term_string}\"},\"query-input\":{\"@type\":\"PropertyValueSpecification\",\"valueRequired\":true,\"valueName\":\"search_term_string\"}}],\"inLanguage\":\"eu-ES\"},{\"@type\":\"Organization\",\"@id\":\"https:\/\/www.lafidelestudios.com\/#organization\",\"name\":\"La Fid\u00e8le Studios\",\"url\":\"https:\/\/www.lafidelestudios.com\/\",\"logo\":{\"@type\":\"ImageObject\",\"inLanguage\":\"eu-ES\",\"@id\":\"https:\/\/www.lafidelestudios.com\/#\/schema\/logo\/image\/\",\"url\":\"https:\/\/www.lafidelestudios.com\/wp-content\/uploads\/2019\/01\/lafideleproduction.png\",\"contentUrl\":\"https:\/\/www.lafidelestudios.com\/wp-content\/uploads\/2019\/01\/lafideleproduction.png\",\"width\":512,\"height\":512,\"caption\":\"La Fid\u00e8le Studios\"},\"image\":{\"@id\":\"https:\/\/www.lafidelestudios.com\/#\/schema\/logo\/image\/\"},\"sameAs\":[\"https:\/\/www.facebook.com\/lafideleproduction\/\",\"https:\/\/www.instagram.com\/la_fidele_production\/\"]}]}<\/script>\n<!-- \/ Yoast SEO plugin. -->","yoast_head_json":{"title":"TALENTUAK \u2013 Zure gidoia aurkeztu - La Fid\u00e8le Studios","robots":{"index":"index","follow":"follow","max-snippet":"max-snippet:-1","max-image-preview":"max-image-preview:large","max-video-preview":"max-video-preview:-1"},"canonical":"https:\/\/www.lafidelestudios.com\/eu\/talentuak-zure-gidoia-aurkeztu\/","og_locale":"eu_ES","og_type":"article","og_title":"TALENTUAK \u2013 Zure gidoia aurkeztu - La Fid\u00e8le Studios","og_description":"Proiektu bat baduzu eta gure irakurketa batzordeak ebaluatzea nahi baduzu, bidali zure gidoia formatu fisikoan helbide honetara: \ud83d\udccd La Fid\u00e8le Studios SARL (D\u00e9partement Talents) ZA de Lanzelai Bo\u00eete Postale 155 64501 Saint Jean de Luz Cedex \ud83d\udd39 Ziurtatu igortzea: Sinopsis labur bat (gehienez orrialde bat). Gidoi osoa formatu estandarrean. Zure harremanetarako datuak (izena, helbide elektronikoa &hellip; Continue reading \"TALENTUAK \u2013 Zure gidoia aurkeztu\"","og_url":"https:\/\/www.lafidelestudios.com\/eu\/talentuak-zure-gidoia-aurkeztu\/","og_site_name":"La Fid\u00e8le Studios","article_publisher":"https:\/\/www.facebook.com\/lafideleproduction\/","article_modified_time":"2025-06-29T08:44:48+00:00","twitter_card":"summary_large_image","twitter_misc":{"Est. reading time":"1 minute"},"schema":{"@context":"https:\/\/schema.org","@graph":[{"@type":"WebPage","@id":"https:\/\/www.lafidelestudios.com\/eu\/talentuak-zure-gidoia-aurkeztu\/","url":"https:\/\/www.lafidelestudios.com\/eu\/talentuak-zure-gidoia-aurkeztu\/","name":"TALENTUAK \u2013 Zure gidoia aurkeztu - La Fid\u00e8le Studios","isPartOf":{"@id":"https:\/\/www.lafidelestudios.com\/#website"},"datePublished":"2025-03-19T11:32:05+00:00","dateModified":"2025-06-29T08:44:48+00:00","breadcrumb":{"@id":"https:\/\/www.lafidelestudios.com\/eu\/talentuak-zure-gidoia-aurkeztu\/#breadcrumb"},"inLanguage":"eu-ES","potentialAction":[{"@type":"ReadAction","target":["https:\/\/www.lafidelestudios.com\/eu\/talentuak-zure-gidoia-aurkeztu\/"]}]},{"@type":"BreadcrumbList","@id":"https:\/\/www.lafidelestudios.com\/eu\/talentuak-zure-gidoia-aurkeztu\/#breadcrumb","itemListElement":[{"@type":"ListItem","position":1,"name":"Portada","item":"https:\/\/www.lafidelestudios.com\/eu\/"},{"@type":"ListItem","position":2,"name":"TALENTUAK \u2013 Zure gidoia aurkeztu"}]},{"@type":"WebSite","@id":"https:\/\/www.lafidelestudios.com\/#website","url":"https:\/\/www.lafidelestudios.com\/","name":"La Fid\u00e8le Studios","description":"","publisher":{"@id":"https:\/\/www.lafidelestudios.com\/#organization"},"potentialAction":[{"@type":"SearchAction","target":{"@type":"EntryPoint","urlTemplate":"https:\/\/www.lafidelestudios.com\/?s={search_term_string}"},"query-input":{"@type":"PropertyValueSpecification","valueRequired":true,"valueName":"search_term_string"}}],"inLanguage":"eu-ES"},{"@type":"Organization","@id":"https:\/\/www.lafidelestudios.com\/#organization","name":"La Fid\u00e8le Studios","url":"https:\/\/www.lafidelestudios.com\/","logo":{"@type":"ImageObject","inLanguage":"eu-ES","@id":"https:\/\/www.lafidelestudios.com\/#\/schema\/logo\/image\/","url":"https:\/\/www.lafidelestudios.com\/wp-content\/uploads\/2019\/01\/lafideleproduction.png","contentUrl":"https:\/\/www.lafidelestudios.com\/wp-content\/uploads\/2019\/01\/lafideleproduction.png","width":512,"height":512,"caption":"La Fid\u00e8le Studios"},"image":{"@id":"https:\/\/www.lafidelestudios.com\/#\/schema\/logo\/image\/"},"sameAs":["https:\/\/www.facebook.com\/lafideleproduction\/","https:\/\/www.instagram.com\/la_fidele_production\/"]}]}},"_links":{"self":[{"href":"https:\/\/www.lafidelestudios.com\/eu\/wp-json\/wp\/v2\/pages\/661","targetHints":{"allow":["GET"]}}],"collection":[{"href":"https:\/\/www.lafidelestudios.com\/eu\/wp-json\/wp\/v2\/pages"}],"about":[{"href":"https:\/\/www.lafidelestudios.com\/eu\/wp-json\/wp\/v2\/types\/page"}],"author":[{"embeddable":true,"href":"https:\/\/www.lafidelestudios.com\/eu\/wp-json\/wp\/v2\/users\/1"}],"replies":[{"embeddable":true,"href":"https:\/\/www.lafidelestudios.com\/eu\/wp-json\/wp\/v2\/comments?post=661"}],"version-history":[{"count":1,"href":"https:\/\/www.lafidelestudios.com\/eu\/wp-json\/wp\/v2\/pages\/661\/revisions"}],"predecessor-version":[{"id":697,"href":"https:\/\/www.lafidelestudios.com\/eu\/wp-json\/wp\/v2\/pages\/661\/revisions\/697"}],"wp:attachment":[{"href":"https:\/\/www.lafidelestudios.com\/eu\/wp-json\/wp\/v2\/media?parent=661"}],"curies":[{"name":"wp","href":"https:\/\/api.w.org\/{rel}","templated":true}]}}