{"id":113,"date":"2021-03-05T09:59:19","date_gmt":"2021-03-05T08:59:19","guid":{"rendered":"http:\/\/www.lafideleproduction.com\/?page_id=113"},"modified":"2025-10-06T22:57:59","modified_gmt":"2025-10-06T20:57:59","slug":"la-fidele-production","status":"publish","type":"page","link":"https:\/\/www.lafidelestudios.com\/eu\/la-fidele-production\/","title":{"rendered":"La Fid\u00e8le Studios"},"content":{"rendered":"<p>La Fid\u00e8le Studios Ipar Euskal Herriko fikziozko zinema ekoiztetxe eta banatzailea da. Sortu zenetik arreta berezia jarri dio euskarazko zinemaren ekoizpenari,\u00a0 talentuen agerpenari, nazioarteko lankidetzari eta zuen arreta erakartzen duten istorioei.<\/p>\n<p><strong>Gure filmak :<\/strong><\/p>\n<p><strong>2025:<\/strong> La Fid\u00e8le Studios-ek Sara Fantovaren <em>Jone Sometimes<\/em> filma banatzen du. Bartzelonako Gazte Egileen Jaialdian eta Malagan saritua,\u00a0 lehen estrenoa merkatu frantsesan 2025eko ekainaren 29an egin da Miarritzeko Nouvelles Vagues Jaialdian. 2025eko abenduaren 17an, Frantzia osoan estrenatuko da.<\/p>\n<p><strong>2025: <\/strong>La Fid\u00e8le-ek\u00a0 <a href=\"https:\/\/www.lafideleproduction.com\/eu\/faisanen-uhartea\/\"><strong>FAISANEN UHARTEA<\/strong><\/a>, Asier Urbietaren lehen filma koekoiztu du Bartzelonako Arcadia Motion Pictures Films eta Euskadiko Tentazioa Produkzioak ekoiztetxeekin. Filma gure mugen ateetako migrazio krisiaren inguruko benetako gertakarietan inspiratuta dago.\u00a0 Filma <a href=\"https:\/\/goteborgfilmfestival.se\/en\/\">Suediako G\u00f6teborgeko Zinemaldian<\/a> estreinatu zen.<\/p>\n<p><strong>2024:\u00a0<\/strong>La Fid\u00e8le-ek Paul Urkijoren <strong><a href=\"https:\/\/www.lafideleproduction.com\/eu\/irati\/\">IRATI <\/a>\u00a0<\/strong>filma koproduzitu eta zinema geletan banatzen du. Irati euskal zinemaren historiako aurrekonturik handiena izan duen filma da. <a href=\"https:\/\/sitgesfilmfestival.com\/en\">Sitgeseko Zinemaldi Fantastikoko<\/a> publikoaren saria eta efektu bereziena irabazi ditu. Frantzian, G\u00e9rardm\u00e9 jaialdian aurkeztu zen lehengo aldiz\u00a0 .<\/p>\n<p><strong>2023:\u00a0<\/strong>La Fid\u00e8le-ek Silvia Munten<a href=\"https:\/\/www.lafideleproduction.com\/eu\/en-bonne-compagnie\/\">\u00a0<strong>LAS BUENAS COMPA\u00d1IAS<\/strong><\/a> filma koekoiztu du Euskadiko Irusoin, Frantziako Manny Films eta Bartzelonako Oberon Media konpainiekin batera. <a href=\"https:\/\/festivaldemalaga.com\/\">Filmak ikusleen saria jaso zuen Malagako Zinemaldian<\/a> eta <a href=\"https:\/\/www.zinemaetagizaeskubideak.eus\/2024\/index.php?lang=es\">Donostiako Giza Eskubideen Jaialdian. <\/a>Filma 70. hamarkadako Euskadiko talde feministek buruturiko ekintzetan inspiratzen da, besteak beste emakumeek baldintza duinetan abortatu ahal izateko iparraldeko kostaldera antolatzen zituzten bidaia klandestinoetan.\u00a0 Filma\u00a0 eta Frantziako estreinaldia<a href=\"https:\/\/www.nouvelles-vagues.org\/\"> Miarritzeko Nouvelles Vagues<\/a> jaialdian egin zuen eta Damned Films banatzaileak Frantzian banatzen du.<\/p>\n<p><strong>2021 :\u00a0<\/strong>La Fid\u00e8le-ek Pablo Ag\u00fcero zuzendariaren <a href=\"https:\/\/www.lafideleproduction.com\/eu\/akelarre\/\"><strong>AKELARRE<\/strong> <\/a>\u00a0filma koekoiztu du Euskadiko Kowalski Films, Lamia,\u00a0 Gariza, Bretainiako Tita B eta Argentinako Campo Cine ekoiztetxeekin, batera. Akelarre XVII mendeko inkisizion oinarritutako filma da. Dulac Distribution-ek banatutako filma hau 2021ean estreinatu zen aretoetan, eta 70.000 ikusle baino gehiago erakarri zituen Frantzian. 2021eko Goya jaialdiko filmarik sarituena ere bada 5 Goya sari irabazi irabazita.<\/p>\n<p><strong>2020 : <\/strong>La Fid\u00e8le-ek Marc Lahore eta Julieta Salzen <a href=\"https:\/\/www.lafideleproduction.com\/eu\/jokari\/\"><strong>JOKARI<\/strong><\/a> filma ekoitzi du. 2020ko konfinamentuan, egileek eurek filmatu eta antzeztutako film luze bat da.\u00a0 Jokari konfinamenduaren alegoria zinematografikoa da. Kovidaren erdian, kopia bat streaming bidez proiektatzen da Donibane Lohizuneko Le Select zinematik, Covid 19 pandemiaren ondorioz itxita. <a href=\"https:\/\/www.outbuster.com\/search?search=jokari#0\">Outbuster<\/a> plataforman ikusgai dago.<\/p>\n<p><strong>2019 : <\/strong>La Fid\u00e8le Studios koproduzitzen du Lara Izagirreren bigarren film luzea: <a href=\"https:\/\/www.lafideleproduction.com\/eu\/nora\/\"><strong>NORA<\/strong><\/a>,<a href=\"https:\/\/www.sansebastianfestival.com\/in\/\"> Donostiako Zinemaldia<\/a> jaialdian hautatua. Filma road movie poetiko bat da,\u00a0 diseinatzaile gazte baten bidaia jarraitzen du. Eugenio Alterio aktore argentinarren dekanoaren parte-hartze aparta du.<br \/>\nFilma antzokietan estreinatuko da Frantzian 2021ean, Gastibeltzak Films-ek banatuta.<\/p>\n<p><strong>2018 : <\/strong>La Fid\u00e8le Studios\u00a0 koproduzitzen du <a href=\"https:\/\/www.lafideleproduction.com\/eu\/agur-etxebeste\/\"><strong>AGUR ETXEBESTE<\/strong><\/a> komedia, Telmo Esnalek eta Asier Altunak zuzendutako Aupa Etxebesteren bigarren zatia, Filmaxek banatua.<\/p>\n<p><strong>2017 : <\/strong>La Fid\u00e8le Studios\u00a0 <a href=\"https:\/\/gabarra-films.org\/dantza-3\/\"><strong>DANTZA<\/strong> <\/a>film luzean parte hartzen du, Telmo Esnal zuzendariarena, parte bat Akitania Berrian filmatutakoa.<\/p>\n<p><strong>Lege Oharra:<\/strong><\/p>\n<p>La Fid\u00e8le Studios (Ekoizpena eta Banaketa) 45.000 euroko kapitala duen SARL bat da, egoitza Denak Batean kalea 15, 64122 Urru\u00f1a, 80744594500023 RCS Baiona &#8211; erkidego barruko BEZa FR12807445 zenbakiarekin erregistratua.<\/p>\n<p>Argitalpenen zuzendaria eta kudeatzailea Jokin Etcheverria da.<\/p>\n<p><a href=\"https:\/\/www.imdb.com\/fr\/name\/nm11057540\/\">Jokin Etcheverria<\/a> eta J.O.K Production S.L\u00a0 enpresaren jabetzakoa da.<\/p>\n","protected":false},"excerpt":{"rendered":"<p>La Fid\u00e8le Studios Ipar Euskal Herriko fikziozko zinema ekoiztetxe eta banatzailea da. Sortu zenetik arreta berezia jarri dio euskarazko zinemaren ekoizpenari,\u00a0 talentuen agerpenari, nazioarteko lankidetzari eta zuen arreta erakartzen duten istorioei. Gure filmak : 2025: La Fid\u00e8le Studios-ek Sara Fantovaren Jone Sometimes filma banatzen du. Bartzelonako Gazte Egileen Jaialdian eta Malagan saritua,\u00a0 lehen estrenoa merkatu &hellip; <\/p>\n<p class=\"link-more\"><a href=\"https:\/\/www.lafidelestudios.com\/eu\/la-fidele-production\/\" class=\"more-link\">Continue reading<span class=\"screen-reader-text\"> &#8220;La Fid\u00e8le Studios&#8221;<\/span><\/a><\/p>\n","protected":false},"author":1,"featured_media":0,"parent":0,"menu_order":13,"comment_status":"closed","ping_status":"closed","template":"","meta":{"_acf_changed":false,"footnotes":""},"class_list":["post-113","page","type-page","status-publish","hentry"],"acf":[],"yoast_head":"<!-- This site is optimized with the Yoast SEO plugin v26.4 - https:\/\/yoast.com\/wordpress\/plugins\/seo\/ -->\n<title>La Fid\u00e8le Studios - La Fid\u00e8le Studios<\/title>\n<meta name=\"robots\" content=\"index, follow, max-snippet:-1, max-image-preview:large, max-video-preview:-1\" \/>\n<link rel=\"canonical\" href=\"https:\/\/www.lafidelestudios.com\/eu\/la-fidele-production\/\" \/>\n<meta property=\"og:locale\" content=\"eu_ES\" \/>\n<meta property=\"og:type\" content=\"article\" \/>\n<meta property=\"og:title\" content=\"La Fid\u00e8le Studios - La Fid\u00e8le Studios\" \/>\n<meta property=\"og:description\" content=\"La Fid\u00e8le Studios Ipar Euskal Herriko fikziozko zinema ekoiztetxe eta banatzailea da. Sortu zenetik arreta berezia jarri dio euskarazko zinemaren ekoizpenari,\u00a0 talentuen agerpenari, nazioarteko lankidetzari eta zuen arreta erakartzen duten istorioei. Gure filmak : 2025: La Fid\u00e8le Studios-ek Sara Fantovaren Jone Sometimes filma banatzen du. Bartzelonako Gazte Egileen Jaialdian eta Malagan saritua,\u00a0 lehen estrenoa merkatu &hellip; Continue reading &quot;La Fid\u00e8le Studios&quot;\" \/>\n<meta property=\"og:url\" content=\"https:\/\/www.lafidelestudios.com\/eu\/la-fidele-production\/\" \/>\n<meta property=\"og:site_name\" content=\"La Fid\u00e8le Studios\" \/>\n<meta property=\"article:publisher\" content=\"https:\/\/www.facebook.com\/lafideleproduction\/\" \/>\n<meta property=\"article:modified_time\" content=\"2025-10-06T20:57:59+00:00\" \/>\n<meta name=\"twitter:card\" content=\"summary_large_image\" \/>\n<meta name=\"twitter:label1\" content=\"Est. reading time\" \/>\n\t<meta name=\"twitter:data1\" content=\"3 minutes\" \/>\n<script type=\"application\/ld+json\" class=\"yoast-schema-graph\">{\"@context\":\"https:\/\/schema.org\",\"@graph\":[{\"@type\":\"WebPage\",\"@id\":\"https:\/\/www.lafidelestudios.com\/eu\/la-fidele-production\/\",\"url\":\"https:\/\/www.lafidelestudios.com\/eu\/la-fidele-production\/\",\"name\":\"La Fid\u00e8le Studios - La Fid\u00e8le Studios\",\"isPartOf\":{\"@id\":\"https:\/\/www.lafidelestudios.com\/#website\"},\"datePublished\":\"2021-03-05T08:59:19+00:00\",\"dateModified\":\"2025-10-06T20:57:59+00:00\",\"breadcrumb\":{\"@id\":\"https:\/\/www.lafidelestudios.com\/eu\/la-fidele-production\/#breadcrumb\"},\"inLanguage\":\"eu-ES\",\"potentialAction\":[{\"@type\":\"ReadAction\",\"target\":[\"https:\/\/www.lafidelestudios.com\/eu\/la-fidele-production\/\"]}]},{\"@type\":\"BreadcrumbList\",\"@id\":\"https:\/\/www.lafidelestudios.com\/eu\/la-fidele-production\/#breadcrumb\",\"itemListElement\":[{\"@type\":\"ListItem\",\"position\":1,\"name\":\"Portada\",\"item\":\"https:\/\/www.lafidelestudios.com\/eu\/\"},{\"@type\":\"ListItem\",\"position\":2,\"name\":\"La Fid\u00e8le Studios\"}]},{\"@type\":\"WebSite\",\"@id\":\"https:\/\/www.lafidelestudios.com\/#website\",\"url\":\"https:\/\/www.lafidelestudios.com\/\",\"name\":\"La Fid\u00e8le Studios\",\"description\":\"\",\"publisher\":{\"@id\":\"https:\/\/www.lafidelestudios.com\/#organization\"},\"potentialAction\":[{\"@type\":\"SearchAction\",\"target\":{\"@type\":\"EntryPoint\",\"urlTemplate\":\"https:\/\/www.lafidelestudios.com\/?s={search_term_string}\"},\"query-input\":{\"@type\":\"PropertyValueSpecification\",\"valueRequired\":true,\"valueName\":\"search_term_string\"}}],\"inLanguage\":\"eu-ES\"},{\"@type\":\"Organization\",\"@id\":\"https:\/\/www.lafidelestudios.com\/#organization\",\"name\":\"La Fid\u00e8le Studios\",\"url\":\"https:\/\/www.lafidelestudios.com\/\",\"logo\":{\"@type\":\"ImageObject\",\"inLanguage\":\"eu-ES\",\"@id\":\"https:\/\/www.lafidelestudios.com\/#\/schema\/logo\/image\/\",\"url\":\"https:\/\/www.lafidelestudios.com\/wp-content\/uploads\/2019\/01\/lafideleproduction.png\",\"contentUrl\":\"https:\/\/www.lafidelestudios.com\/wp-content\/uploads\/2019\/01\/lafideleproduction.png\",\"width\":512,\"height\":512,\"caption\":\"La Fid\u00e8le Studios\"},\"image\":{\"@id\":\"https:\/\/www.lafidelestudios.com\/#\/schema\/logo\/image\/\"},\"sameAs\":[\"https:\/\/www.facebook.com\/lafideleproduction\/\",\"https:\/\/www.instagram.com\/la_fidele_production\/\"]}]}<\/script>\n<!-- \/ Yoast SEO plugin. -->","yoast_head_json":{"title":"La Fid\u00e8le Studios - La Fid\u00e8le Studios","robots":{"index":"index","follow":"follow","max-snippet":"max-snippet:-1","max-image-preview":"max-image-preview:large","max-video-preview":"max-video-preview:-1"},"canonical":"https:\/\/www.lafidelestudios.com\/eu\/la-fidele-production\/","og_locale":"eu_ES","og_type":"article","og_title":"La Fid\u00e8le Studios - La Fid\u00e8le Studios","og_description":"La Fid\u00e8le Studios Ipar Euskal Herriko fikziozko zinema ekoiztetxe eta banatzailea da. Sortu zenetik arreta berezia jarri dio euskarazko zinemaren ekoizpenari,\u00a0 talentuen agerpenari, nazioarteko lankidetzari eta zuen arreta erakartzen duten istorioei. Gure filmak : 2025: La Fid\u00e8le Studios-ek Sara Fantovaren Jone Sometimes filma banatzen du. Bartzelonako Gazte Egileen Jaialdian eta Malagan saritua,\u00a0 lehen estrenoa merkatu &hellip; Continue reading \"La Fid\u00e8le Studios\"","og_url":"https:\/\/www.lafidelestudios.com\/eu\/la-fidele-production\/","og_site_name":"La Fid\u00e8le Studios","article_publisher":"https:\/\/www.facebook.com\/lafideleproduction\/","article_modified_time":"2025-10-06T20:57:59+00:00","twitter_card":"summary_large_image","twitter_misc":{"Est. reading time":"3 minutes"},"schema":{"@context":"https:\/\/schema.org","@graph":[{"@type":"WebPage","@id":"https:\/\/www.lafidelestudios.com\/eu\/la-fidele-production\/","url":"https:\/\/www.lafidelestudios.com\/eu\/la-fidele-production\/","name":"La Fid\u00e8le Studios - La Fid\u00e8le Studios","isPartOf":{"@id":"https:\/\/www.lafidelestudios.com\/#website"},"datePublished":"2021-03-05T08:59:19+00:00","dateModified":"2025-10-06T20:57:59+00:00","breadcrumb":{"@id":"https:\/\/www.lafidelestudios.com\/eu\/la-fidele-production\/#breadcrumb"},"inLanguage":"eu-ES","potentialAction":[{"@type":"ReadAction","target":["https:\/\/www.lafidelestudios.com\/eu\/la-fidele-production\/"]}]},{"@type":"BreadcrumbList","@id":"https:\/\/www.lafidelestudios.com\/eu\/la-fidele-production\/#breadcrumb","itemListElement":[{"@type":"ListItem","position":1,"name":"Portada","item":"https:\/\/www.lafidelestudios.com\/eu\/"},{"@type":"ListItem","position":2,"name":"La Fid\u00e8le Studios"}]},{"@type":"WebSite","@id":"https:\/\/www.lafidelestudios.com\/#website","url":"https:\/\/www.lafidelestudios.com\/","name":"La Fid\u00e8le Studios","description":"","publisher":{"@id":"https:\/\/www.lafidelestudios.com\/#organization"},"potentialAction":[{"@type":"SearchAction","target":{"@type":"EntryPoint","urlTemplate":"https:\/\/www.lafidelestudios.com\/?s={search_term_string}"},"query-input":{"@type":"PropertyValueSpecification","valueRequired":true,"valueName":"search_term_string"}}],"inLanguage":"eu-ES"},{"@type":"Organization","@id":"https:\/\/www.lafidelestudios.com\/#organization","name":"La Fid\u00e8le Studios","url":"https:\/\/www.lafidelestudios.com\/","logo":{"@type":"ImageObject","inLanguage":"eu-ES","@id":"https:\/\/www.lafidelestudios.com\/#\/schema\/logo\/image\/","url":"https:\/\/www.lafidelestudios.com\/wp-content\/uploads\/2019\/01\/lafideleproduction.png","contentUrl":"https:\/\/www.lafidelestudios.com\/wp-content\/uploads\/2019\/01\/lafideleproduction.png","width":512,"height":512,"caption":"La Fid\u00e8le Studios"},"image":{"@id":"https:\/\/www.lafidelestudios.com\/#\/schema\/logo\/image\/"},"sameAs":["https:\/\/www.facebook.com\/lafideleproduction\/","https:\/\/www.instagram.com\/la_fidele_production\/"]}]}},"_links":{"self":[{"href":"https:\/\/www.lafidelestudios.com\/eu\/wp-json\/wp\/v2\/pages\/113","targetHints":{"allow":["GET"]}}],"collection":[{"href":"https:\/\/www.lafidelestudios.com\/eu\/wp-json\/wp\/v2\/pages"}],"about":[{"href":"https:\/\/www.lafidelestudios.com\/eu\/wp-json\/wp\/v2\/types\/page"}],"author":[{"embeddable":true,"href":"https:\/\/www.lafidelestudios.com\/eu\/wp-json\/wp\/v2\/users\/1"}],"replies":[{"embeddable":true,"href":"https:\/\/www.lafidelestudios.com\/eu\/wp-json\/wp\/v2\/comments?post=113"}],"version-history":[{"count":21,"href":"https:\/\/www.lafidelestudios.com\/eu\/wp-json\/wp\/v2\/pages\/113\/revisions"}],"predecessor-version":[{"id":780,"href":"https:\/\/www.lafidelestudios.com\/eu\/wp-json\/wp\/v2\/pages\/113\/revisions\/780"}],"wp:attachment":[{"href":"https:\/\/www.lafidelestudios.com\/eu\/wp-json\/wp\/v2\/media?parent=113"}],"curies":[{"name":"wp","href":"https:\/\/api.w.org\/{rel}","templated":true}]}}