{"id":7,"date":"2018-01-17T16:42:45","date_gmt":"2018-01-17T16:42:45","guid":{"rendered":"http:\/\/lafideleproduction.com\/lafideleproduction\/?page_id=7"},"modified":"2025-11-23T13:46:13","modified_gmt":"2025-11-23T11:46:13","slug":"inicio","status":"publish","type":"page","link":"https:\/\/www.lafidelestudios.com\/es\/","title":{"rendered":"Inicio"},"content":{"rendered":"","protected":false},"excerpt":{"rendered":"","protected":false},"author":1,"featured_media":0,"parent":0,"menu_order":6,"comment_status":"closed","ping_status":"closed","template":"","meta":{"_acf_changed":false,"footnotes":""},"class_list":["post-7","page","type-page","status-publish","hentry"],"acf":[],"yoast_head":"<!-- This site is optimized with the Yoast SEO plugin v26.4 - https:\/\/yoast.com\/wordpress\/plugins\/seo\/ -->\n<title>Inicio - La Fid\u00e8le Studios<\/title>\n<meta name=\"description\" content=\"La Fid\u00e8le Studios es una empresa de producci\u00f3n de pel\u00edculas de ficci\u00f3n ubicada en el Pa\u00eds Vasco franc\u00e9s.\" \/>\n<meta name=\"robots\" content=\"index, follow, max-snippet:-1, max-image-preview:large, max-video-preview:-1\" \/>\n<link rel=\"canonical\" href=\"https:\/\/www.lafidelestudios.com\/es\/\" \/>\n<meta property=\"og:locale\" content=\"es_ES\" \/>\n<meta property=\"og:type\" content=\"article\" \/>\n<meta property=\"og:title\" content=\"Inicio - La Fid\u00e8le Studios\" \/>\n<meta property=\"og:description\" content=\"La Fid\u00e8le Studios es una empresa de producci\u00f3n de pel\u00edculas de ficci\u00f3n ubicada en el Pa\u00eds Vasco franc\u00e9s.\" \/>\n<meta property=\"og:url\" content=\"https:\/\/www.lafidelestudios.com\/es\/\" \/>\n<meta property=\"og:site_name\" content=\"La Fid\u00e8le Studios\" \/>\n<meta property=\"article:publisher\" content=\"https:\/\/www.facebook.com\/lafideleproduction\/\" \/>\n<meta property=\"article:modified_time\" content=\"2025-11-23T11:46:13+00:00\" \/>\n<meta name=\"twitter:card\" content=\"summary_large_image\" \/>\n<script type=\"application\/ld+json\" class=\"yoast-schema-graph\">{\"@context\":\"https:\/\/schema.org\",\"@graph\":[{\"@type\":\"WebPage\",\"@id\":\"https:\/\/www.lafidelestudios.com\/es\/\",\"url\":\"https:\/\/www.lafidelestudios.com\/es\/\",\"name\":\"Inicio - La Fid\u00e8le Studios\",\"isPartOf\":{\"@id\":\"https:\/\/www.lafidelestudios.com\/#website\"},\"datePublished\":\"2018-01-17T16:42:45+00:00\",\"dateModified\":\"2025-11-23T11:46:13+00:00\",\"description\":\"La Fid\u00e8le Studios es una empresa de producci\u00f3n de pel\u00edculas de ficci\u00f3n ubicada en el Pa\u00eds Vasco franc\u00e9s.\",\"breadcrumb\":{\"@id\":\"https:\/\/www.lafidelestudios.com\/es\/#breadcrumb\"},\"inLanguage\":\"es\",\"potentialAction\":[{\"@type\":\"ReadAction\",\"target\":[\"https:\/\/www.lafidelestudios.com\/es\/\"]}]},{\"@type\":\"BreadcrumbList\",\"@id\":\"https:\/\/www.lafidelestudios.com\/es\/#breadcrumb\",\"itemListElement\":[{\"@type\":\"ListItem\",\"position\":1,\"name\":\"Portada\",\"item\":\"https:\/\/www.lafidelestudios.com\/es\/\"},{\"@type\":\"ListItem\",\"position\":2,\"name\":\"Inicio\"}]},{\"@type\":\"WebSite\",\"@id\":\"https:\/\/www.lafidelestudios.com\/#website\",\"url\":\"https:\/\/www.lafidelestudios.com\/\",\"name\":\"La Fid\u00e8le Studios\",\"description\":\"\",\"publisher\":{\"@id\":\"https:\/\/www.lafidelestudios.com\/#organization\"},\"potentialAction\":[{\"@type\":\"SearchAction\",\"target\":{\"@type\":\"EntryPoint\",\"urlTemplate\":\"https:\/\/www.lafidelestudios.com\/?s={search_term_string}\"},\"query-input\":{\"@type\":\"PropertyValueSpecification\",\"valueRequired\":true,\"valueName\":\"search_term_string\"}}],\"inLanguage\":\"es\"},{\"@type\":\"Organization\",\"@id\":\"https:\/\/www.lafidelestudios.com\/#organization\",\"name\":\"La Fid\u00e8le Studios\",\"url\":\"https:\/\/www.lafidelestudios.com\/\",\"logo\":{\"@type\":\"ImageObject\",\"inLanguage\":\"es\",\"@id\":\"https:\/\/www.lafidelestudios.com\/#\/schema\/logo\/image\/\",\"url\":\"https:\/\/www.lafidelestudios.com\/wp-content\/uploads\/2019\/01\/lafideleproduction.png\",\"contentUrl\":\"https:\/\/www.lafidelestudios.com\/wp-content\/uploads\/2019\/01\/lafideleproduction.png\",\"width\":512,\"height\":512,\"caption\":\"La Fid\u00e8le Studios\"},\"image\":{\"@id\":\"https:\/\/www.lafidelestudios.com\/#\/schema\/logo\/image\/\"},\"sameAs\":[\"https:\/\/www.facebook.com\/lafideleproduction\/\",\"https:\/\/www.instagram.com\/la_fidele_production\/\"]}]}<\/script>\n<!-- \/ Yoast SEO plugin. -->","yoast_head_json":{"title":"Inicio - La Fid\u00e8le Studios","description":"La Fid\u00e8le Studios es una empresa de producci\u00f3n de pel\u00edculas de ficci\u00f3n ubicada en el Pa\u00eds Vasco franc\u00e9s.","robots":{"index":"index","follow":"follow","max-snippet":"max-snippet:-1","max-image-preview":"max-image-preview:large","max-video-preview":"max-video-preview:-1"},"canonical":"https:\/\/www.lafidelestudios.com\/es\/","og_locale":"es_ES","og_type":"article","og_title":"Inicio - La Fid\u00e8le Studios","og_description":"La Fid\u00e8le Studios es una empresa de producci\u00f3n de pel\u00edculas de ficci\u00f3n ubicada en el Pa\u00eds Vasco franc\u00e9s.","og_url":"https:\/\/www.lafidelestudios.com\/es\/","og_site_name":"La Fid\u00e8le Studios","article_publisher":"https:\/\/www.facebook.com\/lafideleproduction\/","article_modified_time":"2025-11-23T11:46:13+00:00","twitter_card":"summary_large_image","schema":{"@context":"https:\/\/schema.org","@graph":[{"@type":"WebPage","@id":"https:\/\/www.lafidelestudios.com\/es\/","url":"https:\/\/www.lafidelestudios.com\/es\/","name":"Inicio - La Fid\u00e8le Studios","isPartOf":{"@id":"https:\/\/www.lafidelestudios.com\/#website"},"datePublished":"2018-01-17T16:42:45+00:00","dateModified":"2025-11-23T11:46:13+00:00","description":"La Fid\u00e8le Studios es una empresa de producci\u00f3n de pel\u00edculas de ficci\u00f3n ubicada en el Pa\u00eds Vasco franc\u00e9s.","breadcrumb":{"@id":"https:\/\/www.lafidelestudios.com\/es\/#breadcrumb"},"inLanguage":"es","potentialAction":[{"@type":"ReadAction","target":["https:\/\/www.lafidelestudios.com\/es\/"]}]},{"@type":"BreadcrumbList","@id":"https:\/\/www.lafidelestudios.com\/es\/#breadcrumb","itemListElement":[{"@type":"ListItem","position":1,"name":"Portada","item":"https:\/\/www.lafidelestudios.com\/es\/"},{"@type":"ListItem","position":2,"name":"Inicio"}]},{"@type":"WebSite","@id":"https:\/\/www.lafidelestudios.com\/#website","url":"https:\/\/www.lafidelestudios.com\/","name":"La Fid\u00e8le Studios","description":"","publisher":{"@id":"https:\/\/www.lafidelestudios.com\/#organization"},"potentialAction":[{"@type":"SearchAction","target":{"@type":"EntryPoint","urlTemplate":"https:\/\/www.lafidelestudios.com\/?s={search_term_string}"},"query-input":{"@type":"PropertyValueSpecification","valueRequired":true,"valueName":"search_term_string"}}],"inLanguage":"es"},{"@type":"Organization","@id":"https:\/\/www.lafidelestudios.com\/#organization","name":"La Fid\u00e8le Studios","url":"https:\/\/www.lafidelestudios.com\/","logo":{"@type":"ImageObject","inLanguage":"es","@id":"https:\/\/www.lafidelestudios.com\/#\/schema\/logo\/image\/","url":"https:\/\/www.lafidelestudios.com\/wp-content\/uploads\/2019\/01\/lafideleproduction.png","contentUrl":"https:\/\/www.lafidelestudios.com\/wp-content\/uploads\/2019\/01\/lafideleproduction.png","width":512,"height":512,"caption":"La Fid\u00e8le Studios"},"image":{"@id":"https:\/\/www.lafidelestudios.com\/#\/schema\/logo\/image\/"},"sameAs":["https:\/\/www.facebook.com\/lafideleproduction\/","https:\/\/www.instagram.com\/la_fidele_production\/"]}]}},"_links":{"self":[{"href":"https:\/\/www.lafidelestudios.com\/es\/wp-json\/wp\/v2\/pages\/7","targetHints":{"allow":["GET"]}}],"collection":[{"href":"https:\/\/www.lafidelestudios.com\/es\/wp-json\/wp\/v2\/pages"}],"about":[{"href":"https:\/\/www.lafidelestudios.com\/es\/wp-json\/wp\/v2\/types\/page"}],"author":[{"embeddable":true,"href":"https:\/\/www.lafidelestudios.com\/es\/wp-json\/wp\/v2\/users\/1"}],"replies":[{"embeddable":true,"href":"https:\/\/www.lafidelestudios.com\/es\/wp-json\/wp\/v2\/comments?post=7"}],"version-history":[{"count":23,"href":"https:\/\/www.lafidelestudios.com\/es\/wp-json\/wp\/v2\/pages\/7\/revisions"}],"predecessor-version":[{"id":798,"href":"https:\/\/www.lafidelestudios.com\/es\/wp-json\/wp\/v2\/pages\/7\/revisions\/798"}],"wp:attachment":[{"href":"https:\/\/www.lafidelestudios.com\/es\/wp-json\/wp\/v2\/media?parent=7"}],"curies":[{"name":"wp","href":"https:\/\/api.w.org\/{rel}","templated":true}]}}