{"id":657,"date":"2025-03-19T12:29:08","date_gmt":"2025-03-19T11:29:08","guid":{"rendered":"https:\/\/www.lafideleproduction.com\/?page_id=657"},"modified":"2025-06-29T09:48:00","modified_gmt":"2025-06-29T08:48:00","slug":"talentos-envio-de-guiones","status":"publish","type":"page","link":"https:\/\/www.lafidelestudios.com\/es\/talentos-envio-de-guiones\/","title":{"rendered":"TALENTOS \u2013 Env\u00edo de Guiones"},"content":{"rendered":"<p>Si tienes un proyecto y quieres que nuestro comit\u00e9 de lectura lo eval\u00fae, env\u00edanos tu guion en formato f\u00edsico a la siguiente direcci\u00f3n:<\/p>\n<p>\ud83d\udccd <strong>[Direcci\u00f3n de env\u00edo]<\/strong><\/p>\n<p><strong>La Fid\u00e8le Studios SARL<\/strong><br \/>\n(D\u00e9partement Talents)<br \/>\nZA de Lanzelai<br \/>\nBo\u00eete Postale 155<br \/>\n64501 Saint Jean de Luz Cedex<\/p>\n<p>\ud83d\udd39 <strong>Aseg\u00farate de incluir:<\/strong><\/p>\n<ul>\n<li>Una sinopsis breve (m\u00e1x. 1 p\u00e1gina).<\/li>\n<li>El guion completo en formato est\u00e1ndar.<\/li>\n<li>Tus datos de contacto (nombre, email y tel\u00e9fono).<\/li>\n<\/ul>\n<p>\u26a0\ufe0f <strong>Importante:<\/strong><\/p>\n<ul>\n<li>No aceptamos env\u00edos digitales por el momento.<\/li>\n<li>Solo revisamos materiales originales y registrados.<\/li>\n<li>Debido al alto volumen de propuestas, no garantizamos una respuesta individual.<\/li>\n<\/ul>\n","protected":false},"excerpt":{"rendered":"<p>Si tienes un proyecto y quieres que nuestro comit\u00e9 de lectura lo eval\u00fae, env\u00edanos tu guion en formato f\u00edsico a la siguiente direcci\u00f3n: \ud83d\udccd [Direcci\u00f3n de env\u00edo] La Fid\u00e8le Studios SARL (D\u00e9partement Talents) ZA de Lanzelai Bo\u00eete Postale 155 64501 Saint Jean de Luz Cedex \ud83d\udd39 Aseg\u00farate de incluir: Una sinopsis breve (m\u00e1x. 1 p\u00e1gina). &hellip; <\/p>\n<p class=\"link-more\"><a href=\"https:\/\/www.lafidelestudios.com\/es\/talentos-envio-de-guiones\/\" class=\"more-link\">Continuar leyendo<span class=\"screen-reader-text\"> \u00abTALENTOS \u2013 Env\u00edo de Guiones\u00bb<\/span><\/a><\/p>\n","protected":false},"author":1,"featured_media":0,"parent":0,"menu_order":1,"comment_status":"closed","ping_status":"closed","template":"","meta":{"_acf_changed":false,"footnotes":""},"class_list":["post-657","page","type-page","status-publish","hentry"],"acf":[],"yoast_head":"<!-- This site is optimized with the Yoast SEO plugin v26.4 - https:\/\/yoast.com\/wordpress\/plugins\/seo\/ -->\n<title>TALENTOS \u2013 Env\u00edo de Guiones - La Fid\u00e8le Studios<\/title>\n<meta name=\"robots\" content=\"index, follow, max-snippet:-1, max-image-preview:large, max-video-preview:-1\" \/>\n<link rel=\"canonical\" href=\"https:\/\/www.lafidelestudios.com\/es\/talentos-envio-de-guiones\/\" \/>\n<meta property=\"og:locale\" content=\"es_ES\" \/>\n<meta property=\"og:type\" content=\"article\" \/>\n<meta property=\"og:title\" content=\"TALENTOS \u2013 Env\u00edo de Guiones - La Fid\u00e8le Studios\" \/>\n<meta property=\"og:description\" content=\"Si tienes un proyecto y quieres que nuestro comit\u00e9 de lectura lo eval\u00fae, env\u00edanos tu guion en formato f\u00edsico a la siguiente direcci\u00f3n: \ud83d\udccd [Direcci\u00f3n de env\u00edo] La Fid\u00e8le Studios SARL (D\u00e9partement Talents) ZA de Lanzelai Bo\u00eete Postale 155 64501 Saint Jean de Luz Cedex \ud83d\udd39 Aseg\u00farate de incluir: Una sinopsis breve (m\u00e1x. 1 p\u00e1gina). &hellip; Continuar leyendo &quot;TALENTOS \u2013 Env\u00edo de Guiones&quot;\" \/>\n<meta property=\"og:url\" content=\"https:\/\/www.lafidelestudios.com\/es\/talentos-envio-de-guiones\/\" \/>\n<meta property=\"og:site_name\" content=\"La Fid\u00e8le Studios\" \/>\n<meta property=\"article:publisher\" content=\"https:\/\/www.facebook.com\/lafideleproduction\/\" \/>\n<meta property=\"article:modified_time\" content=\"2025-06-29T08:48:00+00:00\" \/>\n<meta name=\"twitter:card\" content=\"summary_large_image\" \/>\n<meta name=\"twitter:label1\" content=\"Tiempo de lectura\" \/>\n\t<meta name=\"twitter:data1\" content=\"1 minuto\" \/>\n<script type=\"application\/ld+json\" class=\"yoast-schema-graph\">{\"@context\":\"https:\/\/schema.org\",\"@graph\":[{\"@type\":\"WebPage\",\"@id\":\"https:\/\/www.lafidelestudios.com\/es\/talentos-envio-de-guiones\/\",\"url\":\"https:\/\/www.lafidelestudios.com\/es\/talentos-envio-de-guiones\/\",\"name\":\"TALENTOS \u2013 Env\u00edo de Guiones - La Fid\u00e8le Studios\",\"isPartOf\":{\"@id\":\"https:\/\/www.lafidelestudios.com\/#website\"},\"datePublished\":\"2025-03-19T11:29:08+00:00\",\"dateModified\":\"2025-06-29T08:48:00+00:00\",\"breadcrumb\":{\"@id\":\"https:\/\/www.lafidelestudios.com\/es\/talentos-envio-de-guiones\/#breadcrumb\"},\"inLanguage\":\"es\",\"potentialAction\":[{\"@type\":\"ReadAction\",\"target\":[\"https:\/\/www.lafidelestudios.com\/es\/talentos-envio-de-guiones\/\"]}]},{\"@type\":\"BreadcrumbList\",\"@id\":\"https:\/\/www.lafidelestudios.com\/es\/talentos-envio-de-guiones\/#breadcrumb\",\"itemListElement\":[{\"@type\":\"ListItem\",\"position\":1,\"name\":\"Portada\",\"item\":\"https:\/\/www.lafidelestudios.com\/es\/\"},{\"@type\":\"ListItem\",\"position\":2,\"name\":\"TALENTOS \u2013 Env\u00edo de Guiones\"}]},{\"@type\":\"WebSite\",\"@id\":\"https:\/\/www.lafidelestudios.com\/#website\",\"url\":\"https:\/\/www.lafidelestudios.com\/\",\"name\":\"La Fid\u00e8le Studios\",\"description\":\"\",\"publisher\":{\"@id\":\"https:\/\/www.lafidelestudios.com\/#organization\"},\"potentialAction\":[{\"@type\":\"SearchAction\",\"target\":{\"@type\":\"EntryPoint\",\"urlTemplate\":\"https:\/\/www.lafidelestudios.com\/?s={search_term_string}\"},\"query-input\":{\"@type\":\"PropertyValueSpecification\",\"valueRequired\":true,\"valueName\":\"search_term_string\"}}],\"inLanguage\":\"es\"},{\"@type\":\"Organization\",\"@id\":\"https:\/\/www.lafidelestudios.com\/#organization\",\"name\":\"La Fid\u00e8le Studios\",\"url\":\"https:\/\/www.lafidelestudios.com\/\",\"logo\":{\"@type\":\"ImageObject\",\"inLanguage\":\"es\",\"@id\":\"https:\/\/www.lafidelestudios.com\/#\/schema\/logo\/image\/\",\"url\":\"https:\/\/www.lafidelestudios.com\/wp-content\/uploads\/2019\/01\/lafideleproduction.png\",\"contentUrl\":\"https:\/\/www.lafidelestudios.com\/wp-content\/uploads\/2019\/01\/lafideleproduction.png\",\"width\":512,\"height\":512,\"caption\":\"La Fid\u00e8le Studios\"},\"image\":{\"@id\":\"https:\/\/www.lafidelestudios.com\/#\/schema\/logo\/image\/\"},\"sameAs\":[\"https:\/\/www.facebook.com\/lafideleproduction\/\",\"https:\/\/www.instagram.com\/la_fidele_production\/\"]}]}<\/script>\n<!-- \/ Yoast SEO plugin. -->","yoast_head_json":{"title":"TALENTOS \u2013 Env\u00edo de Guiones - La Fid\u00e8le Studios","robots":{"index":"index","follow":"follow","max-snippet":"max-snippet:-1","max-image-preview":"max-image-preview:large","max-video-preview":"max-video-preview:-1"},"canonical":"https:\/\/www.lafidelestudios.com\/es\/talentos-envio-de-guiones\/","og_locale":"es_ES","og_type":"article","og_title":"TALENTOS \u2013 Env\u00edo de Guiones - La Fid\u00e8le Studios","og_description":"Si tienes un proyecto y quieres que nuestro comit\u00e9 de lectura lo eval\u00fae, env\u00edanos tu guion en formato f\u00edsico a la siguiente direcci\u00f3n: \ud83d\udccd [Direcci\u00f3n de env\u00edo] La Fid\u00e8le Studios SARL (D\u00e9partement Talents) ZA de Lanzelai Bo\u00eete Postale 155 64501 Saint Jean de Luz Cedex \ud83d\udd39 Aseg\u00farate de incluir: Una sinopsis breve (m\u00e1x. 1 p\u00e1gina). &hellip; Continuar leyendo \"TALENTOS \u2013 Env\u00edo de Guiones\"","og_url":"https:\/\/www.lafidelestudios.com\/es\/talentos-envio-de-guiones\/","og_site_name":"La Fid\u00e8le Studios","article_publisher":"https:\/\/www.facebook.com\/lafideleproduction\/","article_modified_time":"2025-06-29T08:48:00+00:00","twitter_card":"summary_large_image","twitter_misc":{"Tiempo de lectura":"1 minuto"},"schema":{"@context":"https:\/\/schema.org","@graph":[{"@type":"WebPage","@id":"https:\/\/www.lafidelestudios.com\/es\/talentos-envio-de-guiones\/","url":"https:\/\/www.lafidelestudios.com\/es\/talentos-envio-de-guiones\/","name":"TALENTOS \u2013 Env\u00edo de Guiones - La Fid\u00e8le Studios","isPartOf":{"@id":"https:\/\/www.lafidelestudios.com\/#website"},"datePublished":"2025-03-19T11:29:08+00:00","dateModified":"2025-06-29T08:48:00+00:00","breadcrumb":{"@id":"https:\/\/www.lafidelestudios.com\/es\/talentos-envio-de-guiones\/#breadcrumb"},"inLanguage":"es","potentialAction":[{"@type":"ReadAction","target":["https:\/\/www.lafidelestudios.com\/es\/talentos-envio-de-guiones\/"]}]},{"@type":"BreadcrumbList","@id":"https:\/\/www.lafidelestudios.com\/es\/talentos-envio-de-guiones\/#breadcrumb","itemListElement":[{"@type":"ListItem","position":1,"name":"Portada","item":"https:\/\/www.lafidelestudios.com\/es\/"},{"@type":"ListItem","position":2,"name":"TALENTOS \u2013 Env\u00edo de Guiones"}]},{"@type":"WebSite","@id":"https:\/\/www.lafidelestudios.com\/#website","url":"https:\/\/www.lafidelestudios.com\/","name":"La Fid\u00e8le Studios","description":"","publisher":{"@id":"https:\/\/www.lafidelestudios.com\/#organization"},"potentialAction":[{"@type":"SearchAction","target":{"@type":"EntryPoint","urlTemplate":"https:\/\/www.lafidelestudios.com\/?s={search_term_string}"},"query-input":{"@type":"PropertyValueSpecification","valueRequired":true,"valueName":"search_term_string"}}],"inLanguage":"es"},{"@type":"Organization","@id":"https:\/\/www.lafidelestudios.com\/#organization","name":"La Fid\u00e8le Studios","url":"https:\/\/www.lafidelestudios.com\/","logo":{"@type":"ImageObject","inLanguage":"es","@id":"https:\/\/www.lafidelestudios.com\/#\/schema\/logo\/image\/","url":"https:\/\/www.lafidelestudios.com\/wp-content\/uploads\/2019\/01\/lafideleproduction.png","contentUrl":"https:\/\/www.lafidelestudios.com\/wp-content\/uploads\/2019\/01\/lafideleproduction.png","width":512,"height":512,"caption":"La Fid\u00e8le Studios"},"image":{"@id":"https:\/\/www.lafidelestudios.com\/#\/schema\/logo\/image\/"},"sameAs":["https:\/\/www.facebook.com\/lafideleproduction\/","https:\/\/www.instagram.com\/la_fidele_production\/"]}]}},"_links":{"self":[{"href":"https:\/\/www.lafidelestudios.com\/es\/wp-json\/wp\/v2\/pages\/657","targetHints":{"allow":["GET"]}}],"collection":[{"href":"https:\/\/www.lafidelestudios.com\/es\/wp-json\/wp\/v2\/pages"}],"about":[{"href":"https:\/\/www.lafidelestudios.com\/es\/wp-json\/wp\/v2\/types\/page"}],"author":[{"embeddable":true,"href":"https:\/\/www.lafidelestudios.com\/es\/wp-json\/wp\/v2\/users\/1"}],"replies":[{"embeddable":true,"href":"https:\/\/www.lafidelestudios.com\/es\/wp-json\/wp\/v2\/comments?post=657"}],"version-history":[{"count":2,"href":"https:\/\/www.lafidelestudios.com\/es\/wp-json\/wp\/v2\/pages\/657\/revisions"}],"predecessor-version":[{"id":701,"href":"https:\/\/www.lafidelestudios.com\/es\/wp-json\/wp\/v2\/pages\/657\/revisions\/701"}],"wp:attachment":[{"href":"https:\/\/www.lafidelestudios.com\/es\/wp-json\/wp\/v2\/media?parent=657"}],"curies":[{"name":"wp","href":"https:\/\/api.w.org\/{rel}","templated":true}]}}