{"id":43,"date":"2018-02-08T17:17:58","date_gmt":"2018-02-08T16:17:58","guid":{"rendered":"http:\/\/www.lafideleproduction.com\/?page_id=43"},"modified":"2025-10-06T22:57:12","modified_gmt":"2025-10-06T20:57:12","slug":"bio","status":"publish","type":"page","link":"https:\/\/www.lafidelestudios.com\/es\/bio\/","title":{"rendered":"La Fid\u00e8le Studios"},"content":{"rendered":"<p><strong>La Fid\u00e8le Studios <\/strong>es una empresa de producci\u00f3n\u00a0 y de distribuci\u00f3n de pel\u00edculas de ficci\u00f3n ubicada en el Pa\u00eds Vasco franc\u00e9s. Desde su creaci\u00f3n, presta especial atenci\u00f3n a la producci\u00f3n de cine en lengua vasca, al desarrollo de los talentos, a la cooperaci\u00f3n internacional y a las historias que captan tu atenci\u00f3n.<\/p>\n<p><strong>Nuestras pel\u00edculas:<\/strong><\/p>\n<p><strong>2025:<\/strong> La Fid\u00e8le Studios distribuye la pel\u00edcula <em>Jone Sometimes<\/em> de Sara Fantova. Premiada en el Festival de J\u00f3venes Autores de Barcelona y en M\u00e1laga, la primera francesa se lleva a cabo el 29 de junio de 2025 en el Festival Nouvelles Vagues de Biarritz. Estreno previsto para el 17 de Diciembre de 2025.<\/p>\n<p><strong>2025: <\/strong>La Fid\u00e8le Studios coproduce y distribuye <a href=\"https:\/\/www.lafideleproduction.com\/es\/la-isla-de-los-faisanes\/\"><strong>LA ISLA DE LOS FAISANES<\/strong><\/a>, la primera pel\u00edcula de Asier Urbieta, en coproducci\u00f3n con la empresa Arcadia Motion Pictures Films de Barcelona y Tentazioa Produkzioak de Euskadi. La pel\u00edcula se inspira en hechos reales relacionados con la crisis migratoria en nuestras fronteras. La pel\u00edcula se presenta por primera vez en el <a href=\"https:\/\/goteborgfilmfestival.se\/en\/\">festival de Gotemburgo<\/a> en Suecia.<\/p>\n<p><strong>2024: <\/strong>La Fid\u00e8le Studios coproduce y distribuye en cines la pel\u00edcula<a href=\"https:\/\/www.lafideleproduction.com\/es\/irati\/\"> <strong>IRATI <\/strong><\/a>de Paul Urkijo, el mayor presupuesto en la historia del cine vasco, premio del p\u00fablico y de efectos especiales en el<a href=\"https:\/\/sitgesfilmfestival.com\/es\"> Festival de cine fant\u00e1stico de Sitges<\/a>. La pel\u00edcula explora la mitolog\u00eda vasca en un contexto hist\u00f3rico: la creaci\u00f3n del reino de Navarra. La pel\u00edcula se proyecta en Francia por primera vez en el <a href=\"https:\/\/sitgesfilmfestival.com\/en\">festival de Gerardm\u00e9<\/a>.<\/p>\n<p><strong>2023: <\/strong>La Fid\u00e8le Studi coproduce la pel\u00edcula\u00a0 <a href=\"https:\/\/www.lafideleproduction.com\/es\/las-buenas-companias\/\"><strong>LAS BUENAS COMPA\u00d1IAS <\/strong><\/a>de Silvia Munt, con Irusoin de Euskadi, Manny Films en Francia y la empresa Oberon Media en Barcelona. La pel\u00edcula recibi\u00f3 el premio del p\u00fablico en el <a href=\"https:\/\/festivaldemalaga.com\/\">festival de M\u00e1laga<\/a> y en el <a href=\"https:\/\/www.zinemaetagizaeskubideak.eus\/2024\/index.php?lang=es\">festival de derechos humanos en San Sebasti\u00e1n<\/a>. La pel\u00edcula aborda un grupo feminista de los a\u00f1os 70 de Euskadi que organiza viajes clandestinos en la costa vasca para que las mujeres puedan abortar en condiciones dignas.<\/p>\n<p>La pel\u00edcula es distribuida en Francia por Damned Films y hace su estreno franc\u00e9s en el <a href=\"https:\/\/www.nouvelles-vagues.org\/en\">Festival Nouvelles Vagues de Biarritz<\/a>.<\/p>\n<p><strong>2021: <\/strong>La Fid\u00e8le Studios coproduce la pel\u00edcula <a href=\"https:\/\/www.lafideleproduction.com\/es\/akelarre\/\"><strong>AKELARRE<\/strong><\/a> del director Pablo Ag\u00fcero con las empresas de producci\u00f3n Kowalski Films, Lamia, Gariza en Euskadi, Tita B en Breta\u00f1a y Campo Cine en Argentina. La pel\u00edcula ofrece una mirada moderna sobre la inquisici\u00f3n del siglo XVII en el Pa\u00eds Vasco. La pel\u00edcula, distribuida por Dulac Distribution, se estrena en cines en 2021 y re\u00fane a m\u00e1s de 70,000 espectadores. Tambi\u00e9n es la pel\u00edcula m\u00e1s premiada en la ceremonia de los Goya 2021, donde gana 5 estatuillas.<\/p>\n<p><strong>2020: <\/strong>En 2021, La Fid\u00e8le Studios produce la pel\u00edcula <a href=\"https:\/\/www.lafideleproduction.com\/es\/jokari\/\"><strong>JOKARI<\/strong><\/a>, de Marc Lahore y Julieta Salz. Un largometraje franc\u00e9s rodado durante el primer confinamiento de 2020, filmado e interpretado por los propios autores. <em>Jokari<\/em> es una alegor\u00eda cinematogr\u00e1fica del confinamiento. En pleno COVID, una copia se proyecta en streaming desde el cine Le Select en San Juan de Luz, cerrado por la pandemia de COVID-19. La pel\u00edcula est\u00e1 ahora disponible en la plataforma <a href=\"https:\/\/www.outbuster.com\/search?search=jokari#0\">Outbuster.com<\/a>.<\/p>\n<p><strong>2019: <\/strong>La Fid\u00e8le Studios coproduce el segundo largometraje de Lara Izagirre: <a href=\"https:\/\/www.lafideleproduction.com\/es\/nora\/\"><strong>NORA<\/strong><\/a>, seleccionado en el <a href=\"https:\/\/www.sansebastianfestival.com\/in\/\">festival Zinemaldia de San Sebasti\u00e1n<\/a>. La pel\u00edcula es un road movie po\u00e9tico que sigue el camino de una joven dibujante en ciernes. Cuenta con la participaci\u00f3n excepcional de Eugenio Alterio, decano de los actores argentinos. La pel\u00edcula se estrena en cines en Francia en 2021, distribuida por Gastibeltzak Films.<\/p>\n<p><strong>2018: <\/strong>La Fid\u00e8le Studios coproduce la comedia <a href=\"https:\/\/www.lafideleproduction.com\/es\/agur-etxebeste\/\"><strong>AGUR ETXEBESTE<\/strong><\/a><strong>,<\/strong> la segunda parte de <em>Aupa Etxebeste<\/em>, dirigida por Telmo Esnal y Asier Altuna, distribuida por Filmax.<\/p>\n<p><strong>2017: <\/strong>La Fid\u00e8le Studios participa en el largometraje <a href=\"https:\/\/gabarra-films.org\/dantza-3\/\"><strong>DANTZA<\/strong><\/a>, del director Telmo Esnal, rodado en parte en Nueva Aquitania.<\/p>\n<p><strong>Aviso Legal:<\/strong><\/p>\n<p>La Fid\u00e8le Studios\u00a0 (PRODUCCI\u00d3N Y DISTRIBUCI\u00d3N) es una SARL con un capital de 45,000\u20ac, domiciliada en 15 Rue Denak Batean,\u00a0 64122 Urrugne, registrada bajo el n\u00famero 80744594500023 RCS Bayona &#8211; N\u00b0 IVA Intracomunitario FR12807445945.<\/p>\n<p>El director de publicaciones y gerente es Jokin Etcheverria.<\/p>\n<p>La empresa es propiedad en partes iguales entre <a href=\"https:\/\/www.imdb.com\/fr\/name\/nm11057540\/\">Jokin Etcheverria<\/a> y J.O.K Production S.L (Euskadi\/Espa\u00f1a).<\/p>\n","protected":false},"excerpt":{"rendered":"<p>La Fid\u00e8le Studios es una empresa de producci\u00f3n\u00a0 y de distribuci\u00f3n de pel\u00edculas de ficci\u00f3n ubicada en el Pa\u00eds Vasco franc\u00e9s. Desde su creaci\u00f3n, presta especial atenci\u00f3n a la producci\u00f3n de cine en lengua vasca, al desarrollo de los talentos, a la cooperaci\u00f3n internacional y a las historias que captan tu atenci\u00f3n. Nuestras pel\u00edculas: 2025: &hellip; <\/p>\n<p class=\"link-more\"><a href=\"https:\/\/www.lafidelestudios.com\/es\/bio\/\" class=\"more-link\">Continuar leyendo<span class=\"screen-reader-text\"> \u00abLa Fid\u00e8le Studios\u00bb<\/span><\/a><\/p>\n","protected":false},"author":1,"featured_media":0,"parent":0,"menu_order":10,"comment_status":"closed","ping_status":"closed","template":"","meta":{"_acf_changed":false,"footnotes":""},"class_list":["post-43","page","type-page","status-publish","hentry"],"acf":[],"yoast_head":"<!-- This site is optimized with the Yoast SEO plugin v26.4 - https:\/\/yoast.com\/wordpress\/plugins\/seo\/ -->\n<title>La Fid\u00e8le Studios - La Fid\u00e8le Studios<\/title>\n<meta name=\"robots\" content=\"index, follow, max-snippet:-1, max-image-preview:large, max-video-preview:-1\" \/>\n<link rel=\"canonical\" href=\"https:\/\/www.lafidelestudios.com\/es\/bio\/\" \/>\n<meta property=\"og:locale\" content=\"es_ES\" \/>\n<meta property=\"og:type\" content=\"article\" \/>\n<meta property=\"og:title\" content=\"La Fid\u00e8le Studios - La Fid\u00e8le Studios\" \/>\n<meta property=\"og:description\" content=\"La Fid\u00e8le Studios es una empresa de producci\u00f3n\u00a0 y de distribuci\u00f3n de pel\u00edculas de ficci\u00f3n ubicada en el Pa\u00eds Vasco franc\u00e9s. Desde su creaci\u00f3n, presta especial atenci\u00f3n a la producci\u00f3n de cine en lengua vasca, al desarrollo de los talentos, a la cooperaci\u00f3n internacional y a las historias que captan tu atenci\u00f3n. Nuestras pel\u00edculas: 2025: &hellip; Continuar leyendo &quot;La Fid\u00e8le Studios&quot;\" \/>\n<meta property=\"og:url\" content=\"https:\/\/www.lafidelestudios.com\/es\/bio\/\" \/>\n<meta property=\"og:site_name\" content=\"La Fid\u00e8le Studios\" \/>\n<meta property=\"article:publisher\" content=\"https:\/\/www.facebook.com\/lafideleproduction\/\" \/>\n<meta property=\"article:modified_time\" content=\"2025-10-06T20:57:12+00:00\" \/>\n<meta name=\"twitter:card\" content=\"summary_large_image\" \/>\n<meta name=\"twitter:label1\" content=\"Tiempo de lectura\" \/>\n\t<meta name=\"twitter:data1\" content=\"4 minutos\" \/>\n<script type=\"application\/ld+json\" class=\"yoast-schema-graph\">{\"@context\":\"https:\/\/schema.org\",\"@graph\":[{\"@type\":\"WebPage\",\"@id\":\"https:\/\/www.lafidelestudios.com\/es\/bio\/\",\"url\":\"https:\/\/www.lafidelestudios.com\/es\/bio\/\",\"name\":\"La Fid\u00e8le Studios - La Fid\u00e8le Studios\",\"isPartOf\":{\"@id\":\"https:\/\/www.lafidelestudios.com\/#website\"},\"datePublished\":\"2018-02-08T16:17:58+00:00\",\"dateModified\":\"2025-10-06T20:57:12+00:00\",\"breadcrumb\":{\"@id\":\"https:\/\/www.lafidelestudios.com\/es\/bio\/#breadcrumb\"},\"inLanguage\":\"es\",\"potentialAction\":[{\"@type\":\"ReadAction\",\"target\":[\"https:\/\/www.lafidelestudios.com\/es\/bio\/\"]}]},{\"@type\":\"BreadcrumbList\",\"@id\":\"https:\/\/www.lafidelestudios.com\/es\/bio\/#breadcrumb\",\"itemListElement\":[{\"@type\":\"ListItem\",\"position\":1,\"name\":\"Portada\",\"item\":\"https:\/\/www.lafidelestudios.com\/es\/\"},{\"@type\":\"ListItem\",\"position\":2,\"name\":\"La Fid\u00e8le Studios\"}]},{\"@type\":\"WebSite\",\"@id\":\"https:\/\/www.lafidelestudios.com\/#website\",\"url\":\"https:\/\/www.lafidelestudios.com\/\",\"name\":\"La Fid\u00e8le Studios\",\"description\":\"\",\"publisher\":{\"@id\":\"https:\/\/www.lafidelestudios.com\/#organization\"},\"potentialAction\":[{\"@type\":\"SearchAction\",\"target\":{\"@type\":\"EntryPoint\",\"urlTemplate\":\"https:\/\/www.lafidelestudios.com\/?s={search_term_string}\"},\"query-input\":{\"@type\":\"PropertyValueSpecification\",\"valueRequired\":true,\"valueName\":\"search_term_string\"}}],\"inLanguage\":\"es\"},{\"@type\":\"Organization\",\"@id\":\"https:\/\/www.lafidelestudios.com\/#organization\",\"name\":\"La Fid\u00e8le Studios\",\"url\":\"https:\/\/www.lafidelestudios.com\/\",\"logo\":{\"@type\":\"ImageObject\",\"inLanguage\":\"es\",\"@id\":\"https:\/\/www.lafidelestudios.com\/#\/schema\/logo\/image\/\",\"url\":\"https:\/\/www.lafidelestudios.com\/wp-content\/uploads\/2019\/01\/lafideleproduction.png\",\"contentUrl\":\"https:\/\/www.lafidelestudios.com\/wp-content\/uploads\/2019\/01\/lafideleproduction.png\",\"width\":512,\"height\":512,\"caption\":\"La Fid\u00e8le Studios\"},\"image\":{\"@id\":\"https:\/\/www.lafidelestudios.com\/#\/schema\/logo\/image\/\"},\"sameAs\":[\"https:\/\/www.facebook.com\/lafideleproduction\/\",\"https:\/\/www.instagram.com\/la_fidele_production\/\"]}]}<\/script>\n<!-- \/ Yoast SEO plugin. -->","yoast_head_json":{"title":"La Fid\u00e8le Studios - La Fid\u00e8le Studios","robots":{"index":"index","follow":"follow","max-snippet":"max-snippet:-1","max-image-preview":"max-image-preview:large","max-video-preview":"max-video-preview:-1"},"canonical":"https:\/\/www.lafidelestudios.com\/es\/bio\/","og_locale":"es_ES","og_type":"article","og_title":"La Fid\u00e8le Studios - La Fid\u00e8le Studios","og_description":"La Fid\u00e8le Studios es una empresa de producci\u00f3n\u00a0 y de distribuci\u00f3n de pel\u00edculas de ficci\u00f3n ubicada en el Pa\u00eds Vasco franc\u00e9s. Desde su creaci\u00f3n, presta especial atenci\u00f3n a la producci\u00f3n de cine en lengua vasca, al desarrollo de los talentos, a la cooperaci\u00f3n internacional y a las historias que captan tu atenci\u00f3n. Nuestras pel\u00edculas: 2025: &hellip; Continuar leyendo \"La Fid\u00e8le Studios\"","og_url":"https:\/\/www.lafidelestudios.com\/es\/bio\/","og_site_name":"La Fid\u00e8le Studios","article_publisher":"https:\/\/www.facebook.com\/lafideleproduction\/","article_modified_time":"2025-10-06T20:57:12+00:00","twitter_card":"summary_large_image","twitter_misc":{"Tiempo de lectura":"4 minutos"},"schema":{"@context":"https:\/\/schema.org","@graph":[{"@type":"WebPage","@id":"https:\/\/www.lafidelestudios.com\/es\/bio\/","url":"https:\/\/www.lafidelestudios.com\/es\/bio\/","name":"La Fid\u00e8le Studios - La Fid\u00e8le Studios","isPartOf":{"@id":"https:\/\/www.lafidelestudios.com\/#website"},"datePublished":"2018-02-08T16:17:58+00:00","dateModified":"2025-10-06T20:57:12+00:00","breadcrumb":{"@id":"https:\/\/www.lafidelestudios.com\/es\/bio\/#breadcrumb"},"inLanguage":"es","potentialAction":[{"@type":"ReadAction","target":["https:\/\/www.lafidelestudios.com\/es\/bio\/"]}]},{"@type":"BreadcrumbList","@id":"https:\/\/www.lafidelestudios.com\/es\/bio\/#breadcrumb","itemListElement":[{"@type":"ListItem","position":1,"name":"Portada","item":"https:\/\/www.lafidelestudios.com\/es\/"},{"@type":"ListItem","position":2,"name":"La Fid\u00e8le Studios"}]},{"@type":"WebSite","@id":"https:\/\/www.lafidelestudios.com\/#website","url":"https:\/\/www.lafidelestudios.com\/","name":"La Fid\u00e8le Studios","description":"","publisher":{"@id":"https:\/\/www.lafidelestudios.com\/#organization"},"potentialAction":[{"@type":"SearchAction","target":{"@type":"EntryPoint","urlTemplate":"https:\/\/www.lafidelestudios.com\/?s={search_term_string}"},"query-input":{"@type":"PropertyValueSpecification","valueRequired":true,"valueName":"search_term_string"}}],"inLanguage":"es"},{"@type":"Organization","@id":"https:\/\/www.lafidelestudios.com\/#organization","name":"La Fid\u00e8le Studios","url":"https:\/\/www.lafidelestudios.com\/","logo":{"@type":"ImageObject","inLanguage":"es","@id":"https:\/\/www.lafidelestudios.com\/#\/schema\/logo\/image\/","url":"https:\/\/www.lafidelestudios.com\/wp-content\/uploads\/2019\/01\/lafideleproduction.png","contentUrl":"https:\/\/www.lafidelestudios.com\/wp-content\/uploads\/2019\/01\/lafideleproduction.png","width":512,"height":512,"caption":"La Fid\u00e8le Studios"},"image":{"@id":"https:\/\/www.lafidelestudios.com\/#\/schema\/logo\/image\/"},"sameAs":["https:\/\/www.facebook.com\/lafideleproduction\/","https:\/\/www.instagram.com\/la_fidele_production\/"]}]}},"_links":{"self":[{"href":"https:\/\/www.lafidelestudios.com\/es\/wp-json\/wp\/v2\/pages\/43","targetHints":{"allow":["GET"]}}],"collection":[{"href":"https:\/\/www.lafidelestudios.com\/es\/wp-json\/wp\/v2\/pages"}],"about":[{"href":"https:\/\/www.lafidelestudios.com\/es\/wp-json\/wp\/v2\/types\/page"}],"author":[{"embeddable":true,"href":"https:\/\/www.lafidelestudios.com\/es\/wp-json\/wp\/v2\/users\/1"}],"replies":[{"embeddable":true,"href":"https:\/\/www.lafidelestudios.com\/es\/wp-json\/wp\/v2\/comments?post=43"}],"version-history":[{"count":34,"href":"https:\/\/www.lafidelestudios.com\/es\/wp-json\/wp\/v2\/pages\/43\/revisions"}],"predecessor-version":[{"id":779,"href":"https:\/\/www.lafidelestudios.com\/es\/wp-json\/wp\/v2\/pages\/43\/revisions\/779"}],"wp:attachment":[{"href":"https:\/\/www.lafidelestudios.com\/es\/wp-json\/wp\/v2\/media?parent=43"}],"curies":[{"name":"wp","href":"https:\/\/api.w.org\/{rel}","templated":true}]}}