{"id":660,"date":"2025-03-19T12:31:21","date_gmt":"2025-03-19T11:31:21","guid":{"rendered":"https:\/\/www.lafideleproduction.com\/talents-script-submission\/"},"modified":"2025-06-29T09:40:48","modified_gmt":"2025-06-29T08:40:48","slug":"talents-script-submission","status":"publish","type":"page","link":"https:\/\/www.lafidelestudios.com\/en\/talents-script-submission\/","title":{"rendered":"TALENTS \u2013 Script Submission"},"content":{"rendered":"<p>If you have a project and want our reading committee to evaluate it, send us your script in physical format to the following address:<\/p>\n<p>\ud83d\udccd <strong>La Fid\u00e8le Studios SARL<\/strong><\/p>\n<p>(D\u00e9partement Talents)<br \/>\nZA de Lanzelai<br \/>\nBo\u00eete Postale 155<br \/>\n64501 Saint Jean de Luz Cedex<\/p>\n<p>\ud83d\udd39 <strong>Make sure to include:<\/strong><\/p>\n<ul>\n<li>A brief synopsis (max. 1 page).<\/li>\n<li>The complete script in standard format.<\/li>\n<li>Your contact information (name, email, and phone).<\/li>\n<\/ul>\n<p>\u26a0\ufe0f <strong>Important:<\/strong><\/p>\n<ul>\n<li>We do not accept digital submissions at this time.<\/li>\n<li>We only review original and registered materials.<\/li>\n<li>Due to the high volume of proposals, we cannot guarantee an individual response.<\/li>\n<\/ul>\n","protected":false},"excerpt":{"rendered":"<p>If you have a project and want our reading committee to evaluate it, send us your script in physical format to the following address: \ud83d\udccd La Fid\u00e8le Studios SARL (D\u00e9partement Talents) ZA de Lanzelai Bo\u00eete Postale 155 64501 Saint Jean de Luz Cedex \ud83d\udd39 Make sure to include: A brief synopsis (max. 1 page). The &hellip; <\/p>\n<p class=\"link-more\"><a href=\"https:\/\/www.lafidelestudios.com\/en\/talents-script-submission\/\" class=\"more-link\">Continue reading<span class=\"screen-reader-text\"> &#8220;TALENTS \u2013 Script Submission&#8221;<\/span><\/a><\/p>\n","protected":false},"author":1,"featured_media":0,"parent":0,"menu_order":3,"comment_status":"closed","ping_status":"closed","template":"","meta":{"_acf_changed":false,"footnotes":""},"class_list":["post-660","page","type-page","status-publish","hentry"],"acf":[],"yoast_head":"<!-- This site is optimized with the Yoast SEO plugin v26.4 - https:\/\/yoast.com\/wordpress\/plugins\/seo\/ -->\n<title>TALENTS \u2013 Script Submission - La Fid\u00e8le Studios<\/title>\n<meta name=\"robots\" content=\"index, follow, max-snippet:-1, max-image-preview:large, max-video-preview:-1\" \/>\n<link rel=\"canonical\" href=\"https:\/\/www.lafidelestudios.com\/en\/talents-script-submission\/\" \/>\n<meta property=\"og:locale\" content=\"en_US\" \/>\n<meta property=\"og:type\" content=\"article\" \/>\n<meta property=\"og:title\" content=\"TALENTS \u2013 Script Submission - La Fid\u00e8le Studios\" \/>\n<meta property=\"og:description\" content=\"If you have a project and want our reading committee to evaluate it, send us your script in physical format to the following address: \ud83d\udccd La Fid\u00e8le Studios SARL (D\u00e9partement Talents) ZA de Lanzelai Bo\u00eete Postale 155 64501 Saint Jean de Luz Cedex \ud83d\udd39 Make sure to include: A brief synopsis (max. 1 page). The &hellip; Continue reading &quot;TALENTS \u2013 Script Submission&quot;\" \/>\n<meta property=\"og:url\" content=\"https:\/\/www.lafidelestudios.com\/en\/talents-script-submission\/\" \/>\n<meta property=\"og:site_name\" content=\"La Fid\u00e8le Studios\" \/>\n<meta property=\"article:publisher\" content=\"https:\/\/www.facebook.com\/lafideleproduction\/\" \/>\n<meta property=\"article:modified_time\" content=\"2025-06-29T08:40:48+00:00\" \/>\n<meta name=\"twitter:card\" content=\"summary_large_image\" \/>\n<meta name=\"twitter:label1\" content=\"Est. reading time\" \/>\n\t<meta name=\"twitter:data1\" content=\"1 minute\" \/>\n<script type=\"application\/ld+json\" class=\"yoast-schema-graph\">{\"@context\":\"https:\/\/schema.org\",\"@graph\":[{\"@type\":\"WebPage\",\"@id\":\"https:\/\/www.lafidelestudios.com\/en\/talents-script-submission\/\",\"url\":\"https:\/\/www.lafidelestudios.com\/en\/talents-script-submission\/\",\"name\":\"TALENTS \u2013 Script Submission - La Fid\u00e8le Studios\",\"isPartOf\":{\"@id\":\"https:\/\/www.lafidelestudios.com\/#website\"},\"datePublished\":\"2025-03-19T11:31:21+00:00\",\"dateModified\":\"2025-06-29T08:40:48+00:00\",\"breadcrumb\":{\"@id\":\"https:\/\/www.lafidelestudios.com\/en\/talents-script-submission\/#breadcrumb\"},\"inLanguage\":\"en-US\",\"potentialAction\":[{\"@type\":\"ReadAction\",\"target\":[\"https:\/\/www.lafidelestudios.com\/en\/talents-script-submission\/\"]}]},{\"@type\":\"BreadcrumbList\",\"@id\":\"https:\/\/www.lafidelestudios.com\/en\/talents-script-submission\/#breadcrumb\",\"itemListElement\":[{\"@type\":\"ListItem\",\"position\":1,\"name\":\"Portada\",\"item\":\"https:\/\/www.lafidelestudios.com\/en\/\"},{\"@type\":\"ListItem\",\"position\":2,\"name\":\"TALENTS \u2013 Script Submission\"}]},{\"@type\":\"WebSite\",\"@id\":\"https:\/\/www.lafidelestudios.com\/#website\",\"url\":\"https:\/\/www.lafidelestudios.com\/\",\"name\":\"La Fid\u00e8le Studios\",\"description\":\"\",\"publisher\":{\"@id\":\"https:\/\/www.lafidelestudios.com\/#organization\"},\"potentialAction\":[{\"@type\":\"SearchAction\",\"target\":{\"@type\":\"EntryPoint\",\"urlTemplate\":\"https:\/\/www.lafidelestudios.com\/?s={search_term_string}\"},\"query-input\":{\"@type\":\"PropertyValueSpecification\",\"valueRequired\":true,\"valueName\":\"search_term_string\"}}],\"inLanguage\":\"en-US\"},{\"@type\":\"Organization\",\"@id\":\"https:\/\/www.lafidelestudios.com\/#organization\",\"name\":\"La Fid\u00e8le Studios\",\"url\":\"https:\/\/www.lafidelestudios.com\/\",\"logo\":{\"@type\":\"ImageObject\",\"inLanguage\":\"en-US\",\"@id\":\"https:\/\/www.lafidelestudios.com\/#\/schema\/logo\/image\/\",\"url\":\"https:\/\/www.lafidelestudios.com\/wp-content\/uploads\/2019\/01\/lafideleproduction.png\",\"contentUrl\":\"https:\/\/www.lafidelestudios.com\/wp-content\/uploads\/2019\/01\/lafideleproduction.png\",\"width\":512,\"height\":512,\"caption\":\"La Fid\u00e8le Studios\"},\"image\":{\"@id\":\"https:\/\/www.lafidelestudios.com\/#\/schema\/logo\/image\/\"},\"sameAs\":[\"https:\/\/www.facebook.com\/lafideleproduction\/\",\"https:\/\/www.instagram.com\/la_fidele_production\/\"]}]}<\/script>\n<!-- \/ Yoast SEO plugin. -->","yoast_head_json":{"title":"TALENTS \u2013 Script Submission - La Fid\u00e8le Studios","robots":{"index":"index","follow":"follow","max-snippet":"max-snippet:-1","max-image-preview":"max-image-preview:large","max-video-preview":"max-video-preview:-1"},"canonical":"https:\/\/www.lafidelestudios.com\/en\/talents-script-submission\/","og_locale":"en_US","og_type":"article","og_title":"TALENTS \u2013 Script Submission - La Fid\u00e8le Studios","og_description":"If you have a project and want our reading committee to evaluate it, send us your script in physical format to the following address: \ud83d\udccd La Fid\u00e8le Studios SARL (D\u00e9partement Talents) ZA de Lanzelai Bo\u00eete Postale 155 64501 Saint Jean de Luz Cedex \ud83d\udd39 Make sure to include: A brief synopsis (max. 1 page). The &hellip; Continue reading \"TALENTS \u2013 Script Submission\"","og_url":"https:\/\/www.lafidelestudios.com\/en\/talents-script-submission\/","og_site_name":"La Fid\u00e8le Studios","article_publisher":"https:\/\/www.facebook.com\/lafideleproduction\/","article_modified_time":"2025-06-29T08:40:48+00:00","twitter_card":"summary_large_image","twitter_misc":{"Est. reading time":"1 minute"},"schema":{"@context":"https:\/\/schema.org","@graph":[{"@type":"WebPage","@id":"https:\/\/www.lafidelestudios.com\/en\/talents-script-submission\/","url":"https:\/\/www.lafidelestudios.com\/en\/talents-script-submission\/","name":"TALENTS \u2013 Script Submission - La Fid\u00e8le Studios","isPartOf":{"@id":"https:\/\/www.lafidelestudios.com\/#website"},"datePublished":"2025-03-19T11:31:21+00:00","dateModified":"2025-06-29T08:40:48+00:00","breadcrumb":{"@id":"https:\/\/www.lafidelestudios.com\/en\/talents-script-submission\/#breadcrumb"},"inLanguage":"en-US","potentialAction":[{"@type":"ReadAction","target":["https:\/\/www.lafidelestudios.com\/en\/talents-script-submission\/"]}]},{"@type":"BreadcrumbList","@id":"https:\/\/www.lafidelestudios.com\/en\/talents-script-submission\/#breadcrumb","itemListElement":[{"@type":"ListItem","position":1,"name":"Portada","item":"https:\/\/www.lafidelestudios.com\/en\/"},{"@type":"ListItem","position":2,"name":"TALENTS \u2013 Script Submission"}]},{"@type":"WebSite","@id":"https:\/\/www.lafidelestudios.com\/#website","url":"https:\/\/www.lafidelestudios.com\/","name":"La Fid\u00e8le Studios","description":"","publisher":{"@id":"https:\/\/www.lafidelestudios.com\/#organization"},"potentialAction":[{"@type":"SearchAction","target":{"@type":"EntryPoint","urlTemplate":"https:\/\/www.lafidelestudios.com\/?s={search_term_string}"},"query-input":{"@type":"PropertyValueSpecification","valueRequired":true,"valueName":"search_term_string"}}],"inLanguage":"en-US"},{"@type":"Organization","@id":"https:\/\/www.lafidelestudios.com\/#organization","name":"La Fid\u00e8le Studios","url":"https:\/\/www.lafidelestudios.com\/","logo":{"@type":"ImageObject","inLanguage":"en-US","@id":"https:\/\/www.lafidelestudios.com\/#\/schema\/logo\/image\/","url":"https:\/\/www.lafidelestudios.com\/wp-content\/uploads\/2019\/01\/lafideleproduction.png","contentUrl":"https:\/\/www.lafidelestudios.com\/wp-content\/uploads\/2019\/01\/lafideleproduction.png","width":512,"height":512,"caption":"La Fid\u00e8le Studios"},"image":{"@id":"https:\/\/www.lafidelestudios.com\/#\/schema\/logo\/image\/"},"sameAs":["https:\/\/www.facebook.com\/lafideleproduction\/","https:\/\/www.instagram.com\/la_fidele_production\/"]}]}},"_links":{"self":[{"href":"https:\/\/www.lafidelestudios.com\/en\/wp-json\/wp\/v2\/pages\/660","targetHints":{"allow":["GET"]}}],"collection":[{"href":"https:\/\/www.lafidelestudios.com\/en\/wp-json\/wp\/v2\/pages"}],"about":[{"href":"https:\/\/www.lafidelestudios.com\/en\/wp-json\/wp\/v2\/types\/page"}],"author":[{"embeddable":true,"href":"https:\/\/www.lafidelestudios.com\/en\/wp-json\/wp\/v2\/users\/1"}],"replies":[{"embeddable":true,"href":"https:\/\/www.lafidelestudios.com\/en\/wp-json\/wp\/v2\/comments?post=660"}],"version-history":[{"count":1,"href":"https:\/\/www.lafidelestudios.com\/en\/wp-json\/wp\/v2\/pages\/660\/revisions"}],"predecessor-version":[{"id":692,"href":"https:\/\/www.lafidelestudios.com\/en\/wp-json\/wp\/v2\/pages\/660\/revisions\/692"}],"wp:attachment":[{"href":"https:\/\/www.lafidelestudios.com\/en\/wp-json\/wp\/v2\/media?parent=660"}],"curies":[{"name":"wp","href":"https:\/\/api.w.org\/{rel}","templated":true}]}}