{"id":353,"date":"2018-02-08T17:17:58","date_gmt":"2018-02-08T16:17:58","guid":{"rendered":"https:\/\/www.lafideleproduction.com\/bio\/"},"modified":"2025-10-06T23:00:21","modified_gmt":"2025-10-06T21:00:21","slug":"bio","status":"publish","type":"page","link":"https:\/\/www.lafidelestudios.com\/en\/bio\/","title":{"rendered":"La Fid\u00e8le Studios"},"content":{"rendered":"<p><strong>La Fid\u00e8le Studios<\/strong> is a film production and distribution company based in the French Basque Country. Since its inception, it has paid particular attention to the production of cinema in the basque language, the emergence of new talents, international cooperation, and stories that capture your attention!<\/p>\n<p><strong>Our films:<\/strong><\/p>\n<p><strong>2025:<\/strong> La Fid\u00e8le Studios distributes the film <em>Jone Sometimes<\/em> by Sara Fantova. Awarded at the Barcelona Young Authors Festival and in Malaga, the French premiere takes place on June 29, 2025, at the Nouvelles Vagues Festival in Biarritz. Release scheduled for December 17, 2025.<\/p>\n<p><strong>2025: <\/strong>La Fid\u00e8le Studios coproduces <a href=\"https:\/\/www.lafideleproduction.com\/en\/pheasant-island\/\"><strong>PHEASANT ISLAND<\/strong><\/a>, the first film by Asier Urbieta, in coproduction with Arcadia Motion Pictures Films from Barcelona and Tentazioa Produkzioak from Euskadi. The film is inspired by real events surrounding the migration crisis at our borders. The film is presented for the first time at the <a href=\"https:\/\/goteborgfilmfestival.se\/en\/\">Gothenburg Festival in Sweden<\/a>.<\/p>\n<p><strong>2024: <\/strong>La Fid\u00e8le Studios coproduces and distributes in theaters the film <strong><a href=\"https:\/\/www.lafideleproduction.com\/en\/irati\/\">IRATI<\/a> <\/strong>by Paul Urkijo, the largest budget in the history of basque cinema, which won the audience award and special effects award at the <a href=\"https:\/\/sitgesfilmfestival.com\/en\">Sitges Fantastic Film Festival<\/a>. The film explores Basque mythology against a historical backdrop: the creation of the Kingdom of Navarre. The film is screened in France for the first time at the <a href=\"https:\/\/festival-gerardmer.com\/2024\/\">G\u00e9rardm\u00e9 festival.<\/a><\/p>\n<p><strong>2023: <\/strong>La Fid\u00e8le Studios coproduces the film <a href=\"https:\/\/www.lafideleproduction.com\/en\/in-the-company-of-women\/\"><strong>IN THE COMPANY OF WOMEN<\/strong> <\/a>by Silvia Munt, with Irusoin from Euskadi, Manny Films in France, and Oberon Media from Barcelona. The film received the audience award at the Malaga Festival and the <a href=\"https:\/\/www.zinemaetagizaeskubideak.eus\/2024\/index.php?lang=es\">Human Rights Festival in San Sebasti\u00e1n<\/a>. The film revisits a feminist group from the 70s in Euskadi that organized clandestine trips along the Basque coast for women to have abortions in dignified conditions. The film is distributed in France by Damned Films and has its French premiere at the <a href=\"https:\/\/www.nouvelles-vagues.org\/en\">Nouvelles Vagues Festival in Biarritz<\/a>.<\/p>\n<p><strong>2021: <\/strong>La Fid\u00e8le Studios coproduces the film <a href=\"https:\/\/www.lafideleproduction.com\/en\/irati\/\"><strong>COVEN OF SISTERS<\/strong><\/a> directed by Pablo Ag\u00fcero with production companies Kowalski Films, Lamia, Gariza in Euskadi, Tita B in Brittany, and Campo Cine in Argentina. The film offers a modern look at the 17th-century Inquisition in the Basque Country.\u00a0 The film, distributed by Dulac Distribution, is released in theaters in 2021 and attracts over 70,000 viewers in France. It is also the most awarded film at the Goya Awards 2021 in Spain, winning 5 statuettes.<\/p>\n<p><strong>2020: <\/strong>In 2021, La Fid\u00e8le Studios produces the film <a href=\"https:\/\/www.lafideleproduction.com\/en\/jokari\/\"><strong>JOKARI<\/strong><\/a>, by Marc Lahore and Julieta Salz. A French feature film shot during the first lockdown in 2020, filmed and performed by the authors themselves. <em>Jokari<\/em> is a cinematic allegory of confinement. Amid COVID, a copy is streamed from the Le Select cinema in Saint-Jean-de-Luz, which was closed due to the COVID-19 pandemic. The film is now available on <a href=\"https:\/\/www.outbuster.com\/search?search=jokari#0\">Outbuster.com<\/a>.<\/p>\n<p><strong>2019: <\/strong>La Fid\u00e8le Studios coproduces the second feature film by Lara Izagirre: <a href=\"https:\/\/www.lafideleproduction.com\/en\/nora\/\"><strong>NORA<\/strong><\/a>, selected at the Zinemaldia Festival in San Sebasti\u00e1n. The film is a poetic road movie that follows the journey of a young aspiring illustrator. It features the exceptional participation of Eugenio Alterio, a veteran Argentine actor. The film is released in theaters in France in 2021, distributed by Gastibeltzak Films.<\/p>\n<p><strong>2018: <\/strong>La Fid\u00e8le Studios coproduces the comedy\u00a0 <a href=\"https:\/\/www.lafideleproduction.com\/en\/agur-etxebeste\/\"><strong>AGUR ETXEBESTE<\/strong><\/a>, the second installment of <em>Aupa Etxebeste<\/em>, directed by Telmo Esnal and Asier Altuna, distributed by Filmax.<\/p>\n<p><strong>2017: <\/strong>La Fid\u00e8le Studios participates in the feature film <a href=\"https:\/\/gabarra-films.org\/dantza-3\/\"><strong>DANTZA<\/strong><\/a>, directed by Telmo Esnal, partly filmed in New Aquitaine.<\/p>\n<p><strong>Legal Notice:<\/strong><\/p>\n<p>La Fid\u00e8le Studios (PRODUCTION AND DISTRIBUTION) is a limited liability company (SARL) with a capital of 45,000 \u20ac, located at 15 Rue Denak Batean, 64122 Urrugne, registered under number 80744594500023 RCS Bayonne &#8211; VAT Number FR12807445945. The director of publications and manager is Jokin Etcheverria. The company is equally owned by <a href=\"https:\/\/www.imdb.com\/fr\/name\/nm11057540\/\">Jokin Etcheverria<\/a> and J.O.K Production S.L .<\/p>\n","protected":false},"excerpt":{"rendered":"<p>La Fid\u00e8le Studios is a film production and distribution company based in the French Basque Country. Since its inception, it has paid particular attention to the production of cinema in the basque language, the emergence of new talents, international cooperation, and stories that capture your attention! Our films: 2025: La Fid\u00e8le Studios distributes the film &hellip; <\/p>\n<p class=\"link-more\"><a href=\"https:\/\/www.lafidelestudios.com\/en\/bio\/\" class=\"more-link\">Continue reading<span class=\"screen-reader-text\"> &#8220;La Fid\u00e8le Studios&#8221;<\/span><\/a><\/p>\n","protected":false},"author":1,"featured_media":0,"parent":0,"menu_order":11,"comment_status":"closed","ping_status":"closed","template":"","meta":{"_acf_changed":false,"footnotes":""},"class_list":["post-353","page","type-page","status-publish","hentry"],"acf":[],"yoast_head":"<!-- This site is optimized with the Yoast SEO plugin v26.4 - https:\/\/yoast.com\/wordpress\/plugins\/seo\/ -->\n<title>La Fid\u00e8le Studios - La Fid\u00e8le Studios<\/title>\n<meta name=\"robots\" content=\"index, follow, max-snippet:-1, max-image-preview:large, max-video-preview:-1\" \/>\n<link rel=\"canonical\" href=\"https:\/\/www.lafidelestudios.com\/en\/bio\/\" \/>\n<meta property=\"og:locale\" content=\"en_US\" \/>\n<meta property=\"og:type\" content=\"article\" \/>\n<meta property=\"og:title\" content=\"La Fid\u00e8le Studios - La Fid\u00e8le Studios\" \/>\n<meta property=\"og:description\" content=\"La Fid\u00e8le Studios is a film production and distribution company based in the French Basque Country. Since its inception, it has paid particular attention to the production of cinema in the basque language, the emergence of new talents, international cooperation, and stories that capture your attention! Our films: 2025: La Fid\u00e8le Studios distributes the film &hellip; Continue reading &quot;La Fid\u00e8le Studios&quot;\" \/>\n<meta property=\"og:url\" content=\"https:\/\/www.lafidelestudios.com\/en\/bio\/\" \/>\n<meta property=\"og:site_name\" content=\"La Fid\u00e8le Studios\" \/>\n<meta property=\"article:publisher\" content=\"https:\/\/www.facebook.com\/lafideleproduction\/\" \/>\n<meta property=\"article:modified_time\" content=\"2025-10-06T21:00:21+00:00\" \/>\n<meta name=\"twitter:card\" content=\"summary_large_image\" \/>\n<meta name=\"twitter:label1\" content=\"Est. reading time\" \/>\n\t<meta name=\"twitter:data1\" content=\"4 minutes\" \/>\n<script type=\"application\/ld+json\" class=\"yoast-schema-graph\">{\"@context\":\"https:\/\/schema.org\",\"@graph\":[{\"@type\":\"WebPage\",\"@id\":\"https:\/\/www.lafidelestudios.com\/en\/bio\/\",\"url\":\"https:\/\/www.lafidelestudios.com\/en\/bio\/\",\"name\":\"La Fid\u00e8le Studios - La Fid\u00e8le Studios\",\"isPartOf\":{\"@id\":\"https:\/\/www.lafidelestudios.com\/#website\"},\"datePublished\":\"2018-02-08T16:17:58+00:00\",\"dateModified\":\"2025-10-06T21:00:21+00:00\",\"breadcrumb\":{\"@id\":\"https:\/\/www.lafidelestudios.com\/en\/bio\/#breadcrumb\"},\"inLanguage\":\"en-US\",\"potentialAction\":[{\"@type\":\"ReadAction\",\"target\":[\"https:\/\/www.lafidelestudios.com\/en\/bio\/\"]}]},{\"@type\":\"BreadcrumbList\",\"@id\":\"https:\/\/www.lafidelestudios.com\/en\/bio\/#breadcrumb\",\"itemListElement\":[{\"@type\":\"ListItem\",\"position\":1,\"name\":\"Portada\",\"item\":\"https:\/\/www.lafidelestudios.com\/en\/\"},{\"@type\":\"ListItem\",\"position\":2,\"name\":\"La Fid\u00e8le Studios\"}]},{\"@type\":\"WebSite\",\"@id\":\"https:\/\/www.lafidelestudios.com\/#website\",\"url\":\"https:\/\/www.lafidelestudios.com\/\",\"name\":\"La Fid\u00e8le Studios\",\"description\":\"\",\"publisher\":{\"@id\":\"https:\/\/www.lafidelestudios.com\/#organization\"},\"potentialAction\":[{\"@type\":\"SearchAction\",\"target\":{\"@type\":\"EntryPoint\",\"urlTemplate\":\"https:\/\/www.lafidelestudios.com\/?s={search_term_string}\"},\"query-input\":{\"@type\":\"PropertyValueSpecification\",\"valueRequired\":true,\"valueName\":\"search_term_string\"}}],\"inLanguage\":\"en-US\"},{\"@type\":\"Organization\",\"@id\":\"https:\/\/www.lafidelestudios.com\/#organization\",\"name\":\"La Fid\u00e8le Studios\",\"url\":\"https:\/\/www.lafidelestudios.com\/\",\"logo\":{\"@type\":\"ImageObject\",\"inLanguage\":\"en-US\",\"@id\":\"https:\/\/www.lafidelestudios.com\/#\/schema\/logo\/image\/\",\"url\":\"https:\/\/www.lafidelestudios.com\/wp-content\/uploads\/2019\/01\/lafideleproduction.png\",\"contentUrl\":\"https:\/\/www.lafidelestudios.com\/wp-content\/uploads\/2019\/01\/lafideleproduction.png\",\"width\":512,\"height\":512,\"caption\":\"La Fid\u00e8le Studios\"},\"image\":{\"@id\":\"https:\/\/www.lafidelestudios.com\/#\/schema\/logo\/image\/\"},\"sameAs\":[\"https:\/\/www.facebook.com\/lafideleproduction\/\",\"https:\/\/www.instagram.com\/la_fidele_production\/\"]}]}<\/script>\n<!-- \/ Yoast SEO plugin. -->","yoast_head_json":{"title":"La Fid\u00e8le Studios - La Fid\u00e8le Studios","robots":{"index":"index","follow":"follow","max-snippet":"max-snippet:-1","max-image-preview":"max-image-preview:large","max-video-preview":"max-video-preview:-1"},"canonical":"https:\/\/www.lafidelestudios.com\/en\/bio\/","og_locale":"en_US","og_type":"article","og_title":"La Fid\u00e8le Studios - La Fid\u00e8le Studios","og_description":"La Fid\u00e8le Studios is a film production and distribution company based in the French Basque Country. Since its inception, it has paid particular attention to the production of cinema in the basque language, the emergence of new talents, international cooperation, and stories that capture your attention! Our films: 2025: La Fid\u00e8le Studios distributes the film &hellip; Continue reading \"La Fid\u00e8le Studios\"","og_url":"https:\/\/www.lafidelestudios.com\/en\/bio\/","og_site_name":"La Fid\u00e8le Studios","article_publisher":"https:\/\/www.facebook.com\/lafideleproduction\/","article_modified_time":"2025-10-06T21:00:21+00:00","twitter_card":"summary_large_image","twitter_misc":{"Est. reading time":"4 minutes"},"schema":{"@context":"https:\/\/schema.org","@graph":[{"@type":"WebPage","@id":"https:\/\/www.lafidelestudios.com\/en\/bio\/","url":"https:\/\/www.lafidelestudios.com\/en\/bio\/","name":"La Fid\u00e8le Studios - La Fid\u00e8le Studios","isPartOf":{"@id":"https:\/\/www.lafidelestudios.com\/#website"},"datePublished":"2018-02-08T16:17:58+00:00","dateModified":"2025-10-06T21:00:21+00:00","breadcrumb":{"@id":"https:\/\/www.lafidelestudios.com\/en\/bio\/#breadcrumb"},"inLanguage":"en-US","potentialAction":[{"@type":"ReadAction","target":["https:\/\/www.lafidelestudios.com\/en\/bio\/"]}]},{"@type":"BreadcrumbList","@id":"https:\/\/www.lafidelestudios.com\/en\/bio\/#breadcrumb","itemListElement":[{"@type":"ListItem","position":1,"name":"Portada","item":"https:\/\/www.lafidelestudios.com\/en\/"},{"@type":"ListItem","position":2,"name":"La Fid\u00e8le Studios"}]},{"@type":"WebSite","@id":"https:\/\/www.lafidelestudios.com\/#website","url":"https:\/\/www.lafidelestudios.com\/","name":"La Fid\u00e8le Studios","description":"","publisher":{"@id":"https:\/\/www.lafidelestudios.com\/#organization"},"potentialAction":[{"@type":"SearchAction","target":{"@type":"EntryPoint","urlTemplate":"https:\/\/www.lafidelestudios.com\/?s={search_term_string}"},"query-input":{"@type":"PropertyValueSpecification","valueRequired":true,"valueName":"search_term_string"}}],"inLanguage":"en-US"},{"@type":"Organization","@id":"https:\/\/www.lafidelestudios.com\/#organization","name":"La Fid\u00e8le Studios","url":"https:\/\/www.lafidelestudios.com\/","logo":{"@type":"ImageObject","inLanguage":"en-US","@id":"https:\/\/www.lafidelestudios.com\/#\/schema\/logo\/image\/","url":"https:\/\/www.lafidelestudios.com\/wp-content\/uploads\/2019\/01\/lafideleproduction.png","contentUrl":"https:\/\/www.lafidelestudios.com\/wp-content\/uploads\/2019\/01\/lafideleproduction.png","width":512,"height":512,"caption":"La Fid\u00e8le Studios"},"image":{"@id":"https:\/\/www.lafidelestudios.com\/#\/schema\/logo\/image\/"},"sameAs":["https:\/\/www.facebook.com\/lafideleproduction\/","https:\/\/www.instagram.com\/la_fidele_production\/"]}]}},"_links":{"self":[{"href":"https:\/\/www.lafidelestudios.com\/en\/wp-json\/wp\/v2\/pages\/353","targetHints":{"allow":["GET"]}}],"collection":[{"href":"https:\/\/www.lafidelestudios.com\/en\/wp-json\/wp\/v2\/pages"}],"about":[{"href":"https:\/\/www.lafidelestudios.com\/en\/wp-json\/wp\/v2\/types\/page"}],"author":[{"embeddable":true,"href":"https:\/\/www.lafidelestudios.com\/en\/wp-json\/wp\/v2\/users\/1"}],"replies":[{"embeddable":true,"href":"https:\/\/www.lafidelestudios.com\/en\/wp-json\/wp\/v2\/comments?post=353"}],"version-history":[{"count":24,"href":"https:\/\/www.lafidelestudios.com\/en\/wp-json\/wp\/v2\/pages\/353\/revisions"}],"predecessor-version":[{"id":782,"href":"https:\/\/www.lafidelestudios.com\/en\/wp-json\/wp\/v2\/pages\/353\/revisions\/782"}],"wp:attachment":[{"href":"https:\/\/www.lafidelestudios.com\/en\/wp-json\/wp\/v2\/media?parent=353"}],"curies":[{"name":"wp","href":"https:\/\/api.w.org\/{rel}","templated":true}]}}